{"id":1786,"date":"2019-11-06T12:01:03","date_gmt":"2019-11-06T12:01:03","guid":{"rendered":"https:\/\/balazsivan.hu\/egeszsegbiztositas-osszehasonlito-en\/"},"modified":"2023-09-18T14:20:46","modified_gmt":"2023-09-18T14:20:46","slug":"egeszsegbiztositas-osszehasonlito-en","status":"publish","type":"page","link":"http:\/\/balazsivan.hu\/en\/egeszsegbiztositas-osszehasonlito-en\/","title":{"rendered":"Health insurance comparison"},"content":{"rendered":"\n<style type=\"text\/css\" data-created_by=\"avia_inline_auto\" id=\"style-css-av-k3gvfzow-da0546c994211df440470c3a7379311e\">\n.avia-section.av-k3gvfzow-da0546c994211df440470c3a7379311e{\nbackground-repeat:no-repeat;\nbackground-image:url(https:\/\/balazsivan.hu\/wp-content\/uploads\/2019\/09\/slider1.jpg);\nbackground-position:100% 100%;\nbackground-attachment:scroll;\n}\n.avia-section.av-k3gvfzow-da0546c994211df440470c3a7379311e .av-section-color-overlay{\nopacity:0.5;\nbackground-color:#ffffff;\n}\n<\/style>\n<div id='av_section_1'  class='avia-section av-k3gvfzow-da0546c994211df440470c3a7379311e main_color avia-section-default avia-no-border-styling  avia-builder-el-0  el_before_av_section  avia-builder-el-first  avia-full-stretch avia-bg-style-scroll av-section-color-overlay-active av-minimum-height av-minimum-height-50  container_wrap sidebar_right'  data-section-bg-repeat='stretch' data-av_minimum_height_pc='50'><div class=\"av-section-color-overlay-wrap\"><div class=\"av-section-color-overlay\"><\/div><a href='#next-section' title='' class='scroll-down-link ' aria-hidden='true' data-av_icon='\ue877' data-av_iconfont='entypo-fontello'><\/a><div class='container av-section-cont-open' ><main  role=\"main\" itemprop=\"mainContentOfPage\"  class='template-page content  av-content-small alpha units'><div class='post-entry post-entry-type-page post-entry-1786'><div class='entry-content-wrapper clearfix'>\n<div class='flex_column_table av-k3gvin9l-d1743934a1b280649c065d23dcea2376 sc-av_two_fifth av-equal-height-column-flextable'>\n<style type=\"text\/css\" data-created_by=\"avia_inline_auto\" id=\"style-css-av-k3gvin9l-d1743934a1b280649c065d23dcea2376\">\n.flex_column.av-k3gvin9l-d1743934a1b280649c065d23dcea2376{\n-webkit-border-radius:0px 0px 0px 0px;\n-moz-border-radius:0px 0px 0px 0px;\nborder-radius:0px 0px 0px 0px;\npadding:0px 0px 0px 0px;\n}\n<\/style>\n<div class='flex_column av-k3gvin9l-d1743934a1b280649c065d23dcea2376 av_two_fifth  avia-builder-el-1  el_before_av_three_fifth  avia-builder-el-first  first flex_column_table_cell av-equal-height-column av-align-middle av-zero-column-padding '     ><style type=\"text\/css\" data-created_by=\"avia_inline_auto\" id=\"style-css-av-k3gvhqgn-92b0c71ef0f20644a4070dcd3328867e\">\n.avia-image-container.av-k3gvhqgn-92b0c71ef0f20644a4070dcd3328867e img.avia_image{\nbox-shadow:none;\n}\n.avia-image-container.av-k3gvhqgn-92b0c71ef0f20644a4070dcd3328867e .av-image-caption-overlay-center{\ncolor:#ffffff;\n}\n<\/style>\n<div  class='avia-image-container av-k3gvhqgn-92b0c71ef0f20644a4070dcd3328867e av-styling- avia-align-center  avia-builder-el-2  avia-builder-el-no-sibling '   itemprop=\"image\" itemscope=\"itemscope\" itemtype=\"https:\/\/schema.org\/ImageObject\" ><div class=\"avia-image-container-inner\"><div class=\"avia-image-overlay-wrap\"><img decoding=\"async\" class='wp-image-1350 avia-img-lazy-loading-not-1350 avia_image ' src=\"https:\/\/balazsivan.hu\/wp-content\/uploads\/2019\/08\/balazsivan-2.jpg\" alt='' title='Bal\u00e1zs Iv\u00e1n'  height=\"668\" width=\"780\"  itemprop=\"thumbnailUrl\" srcset=\"https:\/\/balazsivan.hu\/wp-content\/uploads\/2019\/08\/balazsivan-2.jpg 780w, https:\/\/balazsivan.hu\/wp-content\/uploads\/2019\/08\/balazsivan-2-300x257.jpg 300w, https:\/\/balazsivan.hu\/wp-content\/uploads\/2019\/08\/balazsivan-2-768x658.jpg 768w, https:\/\/balazsivan.hu\/wp-content\/uploads\/2019\/08\/balazsivan-2-450x385.jpg 450w\" sizes=\"(max-width: 780px) 100vw, 780px\" \/><\/div><\/div><\/div><\/div><div class='av-flex-placeholder'><\/div>\n<style type=\"text\/css\" data-created_by=\"avia_inline_auto\" id=\"style-css-av-1670h-fff79f3bfcbf6a9c4362b28c08de6236\">\n.flex_column.av-1670h-fff79f3bfcbf6a9c4362b28c08de6236{\n-webkit-border-radius:0px 0px 0px 0px;\n-moz-border-radius:0px 0px 0px 0px;\nborder-radius:0px 0px 0px 0px;\npadding:0px 0px 0px 0px;\n}\n<\/style>\n<div class='flex_column av-1670h-fff79f3bfcbf6a9c4362b28c08de6236 av_three_fifth  avia-builder-el-3  el_after_av_two_fifth  avia-builder-el-last  flex_column_table_cell av-equal-height-column av-align-middle av-zero-column-padding '     ><section  class='av_textblock_section av-k2n8iuxc-40b22bc06a468fa3287fedf3c71a13b3'  itemscope=\"itemscope\" itemtype=\"https:\/\/schema.org\/CreativeWork\" ><div class='avia_textblock'  itemprop=\"text\" ><h1 style=\"text-align: center;\"><span style=\"font-family: arial, helvetica, sans-serif;\">Are you sure you are taking out the best health insurance policy?<\/span><\/h1>\n<\/div><\/section><\/div><\/div><!--close column table wrapper. Autoclose: 1 -->\n\n<\/div><\/div><\/main><!-- close content main element --><\/div><\/div><\/div><div id='av_section_2'  class='avia-section av-9dxm9-b83ac6ea9714c55bcf6f0703fe946a9c main_color avia-section-default avia-no-border-styling  avia-builder-el-5  el_after_av_section  el_before_av_section  avia-bg-style-scroll container_wrap sidebar_right'  ><div class='container av-section-cont-open' ><div class='template-page content  av-content-small alpha units'><div class='post-entry post-entry-type-page post-entry-1786'><div class='entry-content-wrapper clearfix'>\n\n<style type=\"text\/css\" data-created_by=\"avia_inline_auto\" id=\"style-css-av-h4s75-4176ba91616acf1cffcdc6887694f3c1\">\n.flex_column.av-h4s75-4176ba91616acf1cffcdc6887694f3c1{\n-webkit-border-radius:0px 0px 0px 0px;\n-moz-border-radius:0px 0px 0px 0px;\nborder-radius:0px 0px 0px 0px;\npadding:0px 0px 0px 0px;\n}\n<\/style>\n<div class='flex_column av-h4s75-4176ba91616acf1cffcdc6887694f3c1 av_one_fourth  avia-builder-el-6  el_before_av_one_half  avia-builder-el-first  first flex_column_div av-zero-column-padding '     ><\/div>\n<style type=\"text\/css\" data-created_by=\"avia_inline_auto\" id=\"style-css-av-g8w1t-4f23883833f28a451286b6b57a68f092\">\n.flex_column.av-g8w1t-4f23883833f28a451286b6b57a68f092{\n-webkit-border-radius:0px 0px 0px 0px;\n-moz-border-radius:0px 0px 0px 0px;\nborder-radius:0px 0px 0px 0px;\npadding:0px 0px 0px 0px;\n}\n<\/style>\n<div class='flex_column av-g8w1t-4f23883833f28a451286b6b57a68f092 av_one_half  avia-builder-el-7  el_after_av_one_fourth  el_before_av_one_fourth  flex_column_div av-zero-column-padding '     ><section  class='av_textblock_section av-k2n9xcqv-27eea3159bc3e72146863896301d9134'  itemscope=\"itemscope\" itemtype=\"https:\/\/schema.org\/CreativeWork\" ><div class='avia_textblock'  itemprop=\"text\" ><p>Many people don&#8217;t know, so they are surprised when I tell them that there are 7 health insurance providers in Hungary that are taxed as favourable defined benefits. They usually know 1 or 2 of the bigger names from the list below:<\/p>\n<ul>\n<li>Generali Company Care<\/li>\n<li>Union PrivateMed Next<\/li>\n<li>Allianz Unique Group Personal insurance<\/li>\n<li>CIG Pannonia Elixir<\/li>\n<li>Groupama MediCare<\/li>\n<li>Uniqa Med 4 Group<\/li>\n<li>Medicover Spring<\/li>\n<\/ul>\n<p>These 7 health insurers compete with each other in the market.<\/p>\n<p>They differ in price, the number of care providers, the extras they offer, waiting times and much more.<\/p>\n<p>For example, some of them include the Covid test among their services, which is very topical right now!<\/p>\n<p>Which health insurance provider&#8217;s service is best for you depends on you and your company&#8217;s needs, but you should compare the providers&#8217; offerings first.<\/p>\n<p>This comparison is no small job, I know.<\/p>\n<p>I know, because I have done it and now I am making it available to you.<\/p>\n<\/div><\/section><\/div>\n<style type=\"text\/css\" data-created_by=\"avia_inline_auto\" id=\"style-css-av-8hmt5-ad500fc03aeccf449495165891016064\">\n.flex_column.av-8hmt5-ad500fc03aeccf449495165891016064{\n-webkit-border-radius:0px 0px 0px 0px;\n-moz-border-radius:0px 0px 0px 0px;\nborder-radius:0px 0px 0px 0px;\npadding:0px 0px 0px 0px;\n}\n<\/style>\n<div class='flex_column av-8hmt5-ad500fc03aeccf449495165891016064 av_one_fourth  avia-builder-el-9  el_after_av_one_half  el_before_av_one_full  flex_column_div av-zero-column-padding '     ><\/div>\n<style type=\"text\/css\" data-created_by=\"avia_inline_auto\" id=\"style-css-av-a32pl-4215453e670da40c53a20d8f3067cb9e\">\n.flex_column.av-a32pl-4215453e670da40c53a20d8f3067cb9e{\n-webkit-border-radius:0px 0px 0px 0px;\n-moz-border-radius:0px 0px 0px 0px;\nborder-radius:0px 0px 0px 0px;\npadding:0px 0px 0px 0px;\n}\n<\/style>\n<div class='flex_column av-a32pl-4215453e670da40c53a20d8f3067cb9e av_one_full  avia-builder-el-10  el_after_av_one_fourth  avia-builder-el-last  first flex_column_div av-zero-column-padding column-top-margin'     ><br \/>\n<section  class='av_textblock_section av-k3a4ci60-709eec2d12ddcf86737321dcbbd79cb0'  itemscope=\"itemscope\" itemtype=\"https:\/\/schema.org\/CreativeWork\" ><div class='avia_textblock'  itemprop=\"text\" ><h2 style=\"text-align: center;\">Could you download?<\/h2>\n<p style=\"text-align: center;\">Give me your details and I&#8217;ll send you the comparison table and even have an extra surprise for you.<\/p>\n<\/div><\/section><br \/>\n<br \/>\n<section  class='av_textblock_section av-k3a4ci60-1-6fafadf70bfdd2802aca81e9a515d066'  itemscope=\"itemscope\" itemtype=\"https:\/\/schema.org\/CreativeWork\" ><div class='avia_textblock'  itemprop=\"text\" ><h3 style=\"text-align: center;\">Download is free.<\/h3>\n<\/div><\/section><\/p><\/div><\/div><\/div><\/div><!-- close content main div --><\/div><\/div><div id='av_section_3'  class='avia-section av-h5fch-356a6707401322d268e60c8c3564f3b2 main_color avia-section-default avia-no-border-styling  avia-builder-el-15  el_after_av_section  avia-builder-el-last  avia-bg-style-scroll container_wrap sidebar_right'  ><div class='container av-section-cont-open' ><div class='template-page content  av-content-small alpha units'><div class='post-entry post-entry-type-page post-entry-1786'><div class='entry-content-wrapper clearfix'>\n\n<style type=\"text\/css\" data-created_by=\"avia_inline_auto\" id=\"style-css-av-b37mx-1469db39a7f7ec6b99495ea8a1aabf6c\">\n.flex_column.av-b37mx-1469db39a7f7ec6b99495ea8a1aabf6c{\n-webkit-border-radius:0px 0px 0px 0px;\n-moz-border-radius:0px 0px 0px 0px;\nborder-radius:0px 0px 0px 0px;\npadding:0px 0px 0px 0px;\n}\n<\/style>\n<div class='flex_column av-b37mx-1469db39a7f7ec6b99495ea8a1aabf6c av_one_full  avia-builder-el-16  avia-builder-el-no-sibling  first flex_column_div av-zero-column-padding '     ><\/div>\n<\/div><\/div><\/div><!-- close content main div --><\/div><\/div><div id='after_section_3'  class='main_color av_default_container_wrap container_wrap sidebar_right'  ><div class='container av-section-cont-open' ><div class='template-page content  av-content-small alpha units'><div class='post-entry post-entry-type-page post-entry-1786'><div class='entry-content-wrapper clearfix'><\/p>\n","protected":false},"excerpt":{"rendered":"","protected":false},"author":1,"featured_media":2196,"parent":0,"menu_order":0,"comment_status":"closed","ping_status":"closed","template":"","meta":[],"yoast_head":"<!-- This site is optimized with the Yoast SEO plugin v20.6 - https:\/\/yoast.com\/wordpress\/plugins\/seo\/ -->\n<title>Health insurance comparison - Bal\u00e1zs Iv\u00e1n - V\u00e1llalati eg\u00e9szs\u00e9gbiztos\u00edt\u00e1si szak\u00e9rt\u0151<\/title>\n<meta name=\"description\" content=\"Download the comparison table of the 7 Hungarian company comprehensive insurers!\" \/>\n<meta name=\"robots\" content=\"index, follow, max-snippet:-1, max-image-preview:large, max-video-preview:-1\" \/>\n<link rel=\"canonical\" href=\"http:\/\/balazsivan.hu\/en\/egeszsegbiztositas-osszehasonlito-en\/\" \/>\n<meta property=\"og:locale\" content=\"en_US\" \/>\n<meta property=\"og:type\" content=\"article\" \/>\n<meta property=\"og:title\" content=\"Download the comparison table of the 7 Hungarian company comprehensive insurers!\" \/>\n<meta property=\"og:description\" content=\"Many people don&#039;t know, so they are surprised when I tell them that there are 7 health insurance providers in Hungary that have a favourable tax rate of 36%. I have put these 7 insurers in a comparative table.\" \/>\n<meta property=\"og:url\" content=\"http:\/\/balazsivan.hu\/en\/egeszsegbiztositas-osszehasonlito-en\/\" \/>\n<meta property=\"og:site_name\" content=\"Bal\u00e1zs Iv\u00e1n - V\u00e1llalati eg\u00e9szs\u00e9gbiztos\u00edt\u00e1si szak\u00e9rt\u0151\" \/>\n<meta property=\"article:publisher\" content=\"https:\/\/www.facebook.com\/balazsivan0\" \/>\n<meta property=\"article:modified_time\" content=\"2023-09-18T14:20:46+00:00\" \/>\n<meta property=\"og:image\" content=\"http:\/\/balazsivan.hu\/wp-content\/uploads\/2022\/09\/Magyaroszagi-egeszsegbiztositasok-202209-Balazs-Ivan.jpg\" \/>\n<meta name=\"twitter:card\" content=\"summary_large_image\" \/>\n<meta name=\"twitter:title\" content=\"Download the comparison table of the 7 Hungarian company comprehensive insurers!\" \/>\n<meta name=\"twitter:description\" content=\"Many people don&#039;t know, so they are surprised when I tell them that there are 7 health insurance providers in Hungary that have a favourable tax rate of 36%. I have put these 7 insurers in a comparative table.\" \/>\n<meta name=\"twitter:image\" content=\"https:\/\/balazsivan.hu\/wp-content\/uploads\/2022\/09\/Magyaroszagi-egeszsegbiztositasok-202209-Balazs-Ivan.jpg\" \/>\n<meta name=\"twitter:label1\" content=\"Est. reading time\" \/>\n\t<meta name=\"twitter:data1\" content=\"4 minutes\" \/>\n<script type=\"application\/ld+json\" class=\"yoast-schema-graph\">{\"@context\":\"https:\/\/schema.org\",\"@graph\":[{\"@type\":\"WebPage\",\"@id\":\"http:\/\/balazsivan.hu\/en\/egeszsegbiztositas-osszehasonlito-en\/\",\"url\":\"http:\/\/balazsivan.hu\/en\/egeszsegbiztositas-osszehasonlito-en\/\",\"name\":\"Health insurance comparison - Bal\u00e1zs Iv\u00e1n - V\u00e1llalati eg\u00e9szs\u00e9gbiztos\u00edt\u00e1si szak\u00e9rt\u0151\",\"isPartOf\":{\"@id\":\"https:\/\/balazsivan.hu\/en\/#website\"},\"datePublished\":\"2019-11-06T12:01:03+00:00\",\"dateModified\":\"2023-09-18T14:20:46+00:00\",\"description\":\"Download the comparison table of the 7 Hungarian company comprehensive insurers!\",\"breadcrumb\":{\"@id\":\"http:\/\/balazsivan.hu\/en\/egeszsegbiztositas-osszehasonlito-en\/#breadcrumb\"},\"inLanguage\":\"en-US\",\"potentialAction\":[{\"@type\":\"ReadAction\",\"target\":[\"http:\/\/balazsivan.hu\/en\/egeszsegbiztositas-osszehasonlito-en\/\"]}]},{\"@type\":\"BreadcrumbList\",\"@id\":\"http:\/\/balazsivan.hu\/en\/egeszsegbiztositas-osszehasonlito-en\/#breadcrumb\",\"itemListElement\":[{\"@type\":\"ListItem\",\"position\":1,\"name\":\"Home\",\"item\":\"https:\/\/balazsivan.hu\/en\/\"},{\"@type\":\"ListItem\",\"position\":2,\"name\":\"Health insurance comparison\"}]},{\"@type\":\"WebSite\",\"@id\":\"https:\/\/balazsivan.hu\/en\/#website\",\"url\":\"https:\/\/balazsivan.hu\/en\/\",\"name\":\"Bal\u00e1zs Iv\u00e1n - V\u00e1llalati eg\u00e9szs\u00e9gbiztos\u00edt\u00e1si szak\u00e9rt\u0151\",\"description\":\"V\u00e1llalati eg\u00e9szs\u00e9gbiztos\u00edt\u00e1si szak\u00e9rt\u0151\",\"potentialAction\":[{\"@type\":\"SearchAction\",\"target\":{\"@type\":\"EntryPoint\",\"urlTemplate\":\"https:\/\/balazsivan.hu\/en\/?s={search_term_string}\"},\"query-input\":\"required name=search_term_string\"}],\"inLanguage\":\"en-US\"}]}<\/script>\n<!-- \/ Yoast SEO plugin. -->","yoast_head_json":{"title":"Health insurance comparison - Bal\u00e1zs Iv\u00e1n - V\u00e1llalati eg\u00e9szs\u00e9gbiztos\u00edt\u00e1si szak\u00e9rt\u0151","description":"Download the comparison table of the 7 Hungarian company comprehensive insurers!","robots":{"index":"index","follow":"follow","max-snippet":"max-snippet:-1","max-image-preview":"max-image-preview:large","max-video-preview":"max-video-preview:-1"},"canonical":"http:\/\/balazsivan.hu\/en\/egeszsegbiztositas-osszehasonlito-en\/","og_locale":"en_US","og_type":"article","og_title":"Download the comparison table of the 7 Hungarian company comprehensive insurers!","og_description":"Many people don't know, so they are surprised when I tell them that there are 7 health insurance providers in Hungary that have a favourable tax rate of 36%. I have put these 7 insurers in a comparative table.","og_url":"http:\/\/balazsivan.hu\/en\/egeszsegbiztositas-osszehasonlito-en\/","og_site_name":"Bal\u00e1zs Iv\u00e1n - V\u00e1llalati eg\u00e9szs\u00e9gbiztos\u00edt\u00e1si szak\u00e9rt\u0151","article_publisher":"https:\/\/www.facebook.com\/balazsivan0","article_modified_time":"2023-09-18T14:20:46+00:00","og_image":[{"url":"http:\/\/balazsivan.hu\/wp-content\/uploads\/2022\/09\/Magyaroszagi-egeszsegbiztositasok-202209-Balazs-Ivan.jpg"}],"twitter_card":"summary_large_image","twitter_title":"Download the comparison table of the 7 Hungarian company comprehensive insurers!","twitter_description":"Many people don't know, so they are surprised when I tell them that there are 7 health insurance providers in Hungary that have a favourable tax rate of 36%. I have put these 7 insurers in a comparative table.","twitter_image":"https:\/\/balazsivan.hu\/wp-content\/uploads\/2022\/09\/Magyaroszagi-egeszsegbiztositasok-202209-Balazs-Ivan.jpg","twitter_misc":{"Est. reading time":"4 minutes"},"schema":{"@context":"https:\/\/schema.org","@graph":[{"@type":"WebPage","@id":"http:\/\/balazsivan.hu\/en\/egeszsegbiztositas-osszehasonlito-en\/","url":"http:\/\/balazsivan.hu\/en\/egeszsegbiztositas-osszehasonlito-en\/","name":"Health insurance comparison - Bal\u00e1zs Iv\u00e1n - V\u00e1llalati eg\u00e9szs\u00e9gbiztos\u00edt\u00e1si szak\u00e9rt\u0151","isPartOf":{"@id":"https:\/\/balazsivan.hu\/en\/#website"},"datePublished":"2019-11-06T12:01:03+00:00","dateModified":"2023-09-18T14:20:46+00:00","description":"Download the comparison table of the 7 Hungarian company comprehensive insurers!","breadcrumb":{"@id":"http:\/\/balazsivan.hu\/en\/egeszsegbiztositas-osszehasonlito-en\/#breadcrumb"},"inLanguage":"en-US","potentialAction":[{"@type":"ReadAction","target":["http:\/\/balazsivan.hu\/en\/egeszsegbiztositas-osszehasonlito-en\/"]}]},{"@type":"BreadcrumbList","@id":"http:\/\/balazsivan.hu\/en\/egeszsegbiztositas-osszehasonlito-en\/#breadcrumb","itemListElement":[{"@type":"ListItem","position":1,"name":"Home","item":"https:\/\/balazsivan.hu\/en\/"},{"@type":"ListItem","position":2,"name":"Health insurance comparison"}]},{"@type":"WebSite","@id":"https:\/\/balazsivan.hu\/en\/#website","url":"https:\/\/balazsivan.hu\/en\/","name":"Bal\u00e1zs Iv\u00e1n - V\u00e1llalati eg\u00e9szs\u00e9gbiztos\u00edt\u00e1si szak\u00e9rt\u0151","description":"V\u00e1llalati eg\u00e9szs\u00e9gbiztos\u00edt\u00e1si szak\u00e9rt\u0151","potentialAction":[{"@type":"SearchAction","target":{"@type":"EntryPoint","urlTemplate":"https:\/\/balazsivan.hu\/en\/?s={search_term_string}"},"query-input":"required name=search_term_string"}],"inLanguage":"en-US"}]}},"_links":{"self":[{"href":"https:\/\/balazsivan.hu\/en\/wp-json\/wp\/v2\/pages\/1786"}],"collection":[{"href":"https:\/\/balazsivan.hu\/en\/wp-json\/wp\/v2\/pages"}],"about":[{"href":"https:\/\/balazsivan.hu\/en\/wp-json\/wp\/v2\/types\/page"}],"author":[{"embeddable":true,"href":"https:\/\/balazsivan.hu\/en\/wp-json\/wp\/v2\/users\/1"}],"replies":[{"embeddable":true,"href":"https:\/\/balazsivan.hu\/en\/wp-json\/wp\/v2\/comments?post=1786"}],"version-history":[{"count":8,"href":"https:\/\/balazsivan.hu\/en\/wp-json\/wp\/v2\/pages\/1786\/revisions"}],"predecessor-version":[{"id":2004,"href":"https:\/\/balazsivan.hu\/en\/wp-json\/wp\/v2\/pages\/1786\/revisions\/2004"}],"wp:featuredmedia":[{"embeddable":true,"href":"https:\/\/balazsivan.hu\/en\/wp-json\/wp\/v2\/media\/2196"}],"wp:attachment":[{"href":"https:\/\/balazsivan.hu\/en\/wp-json\/wp\/v2\/media?parent=1786"}],"curies":[{"name":"wp","href":"https:\/\/api.w.org\/{rel}","templated":true}]}}