{"id":1609,"date":"2019-08-15T13:53:52","date_gmt":"2019-08-15T13:53:52","guid":{"rendered":"https:\/\/balazsivan.hu\/kapcsolat\/"},"modified":"2024-02-17T20:06:46","modified_gmt":"2024-02-17T20:06:46","slug":"contact","status":"publish","type":"page","link":"http:\/\/balazsivan.hu\/en\/contact\/","title":{"rendered":"Kapcsolat"},"content":{"rendered":"<div id='av_section_1'  class='avia-section av-jzk1d8kl-b0143d86c6a57fcd242cc4ddc8377421 alternate_color avia-section-default avia-no-border-styling  avia-builder-el-0  el_before_av_section  avia-builder-el-first  aloldal-hero sitewide-hero avia-bg-style-scroll av-minimum-height av-minimum-height-50  container_wrap sidebar_right'   data-av_minimum_height_pc='50'><div class='container av-section-cont-open' ><main  role=\"main\" itemprop=\"mainContentOfPage\"  class='template-page content  av-content-small alpha units'><div class='post-entry post-entry-type-page post-entry-1609'><div class='entry-content-wrapper clearfix'>\n<div class='flex_column_table av-jzk1xn6m-0eb201ad3e3ee772b7185e756b5e1dd7 sc-av_one_half av-break-at-tablet-flextable av-equal-height-column-flextable'>\n<style type=\"text\/css\" data-created_by=\"avia_inline_auto\" id=\"style-css-av-jzk1xn6m-0eb201ad3e3ee772b7185e756b5e1dd7\">\n.flex_column.av-jzk1xn6m-0eb201ad3e3ee772b7185e756b5e1dd7{\n-webkit-border-radius:0px 0px 0px 0px;\n-moz-border-radius:0px 0px 0px 0px;\nborder-radius:0px 0px 0px 0px;\npadding:0px 0px 0px 0px;\n}\n<\/style>\n<div class='flex_column av-jzk1xn6m-0eb201ad3e3ee772b7185e756b5e1dd7 av_one_half  avia-builder-el-1  el_before_av_one_half  avia-builder-el-first  first av-break-at-tablet flex_column_table_cell av-equal-height-column av-align-middle av-zero-column-padding '     ><section  class='av_textblock_section av-jzk1lb61-cf2176760db34b79d2109ab59d0547fb'  itemscope=\"itemscope\" itemtype=\"https:\/\/schema.org\/CreativeWork\" ><div class='avia_textblock'  itemprop=\"text\" ><h1 style=\"text-align: center;\">Kapcsolat<\/h1>\n<h2 style=\"text-align: center;\">K\u00e9rd\u00e9se van? K\u00fcldj\u00f6n \u00fczenetet vagy h\u00edvjon a megadott telefonsz\u00e1mon!<\/h2>\n<\/div><\/section><br \/>\n<div  class='avia-button-wrap av-jzk256l0-c6f896c7a148252c83f3e57794426db2-wrap avia-button-center  avia-builder-el-3  el_after_av_textblock  avia-builder-el-last ' ><a href='#kapcsolat'  class='avia-button av-jzk256l0-c6f896c7a148252c83f3e57794426db2 avia-icon_select-no avia-size-large avia-position-center avia-color-theme-color' ><span class='avia_iconbox_title' >TOV\u00c1BB<\/span><\/a><\/div><\/p><\/div><div class='av-flex-placeholder'><\/div>\n<style type=\"text\/css\" data-created_by=\"avia_inline_auto\" id=\"style-css-av-3c0b2-4043112d5fdab7cf9af4a4b329206755\">\n.flex_column.av-3c0b2-4043112d5fdab7cf9af4a4b329206755{\n-webkit-border-radius:0px 0px 0px 0px;\n-moz-border-radius:0px 0px 0px 0px;\nborder-radius:0px 0px 0px 0px;\npadding:0px 0px 0px 0px;\n}\n<\/style>\n<div class='flex_column av-3c0b2-4043112d5fdab7cf9af4a4b329206755 av_one_half  avia-builder-el-4  el_after_av_one_half  avia-builder-el-last  av-break-at-tablet flex_column_table_cell av-equal-height-column av-align-middle av-zero-column-padding '     ><style type=\"text\/css\" data-created_by=\"avia_inline_auto\" id=\"style-css-av-jzk4g298-f3d73f0ee42fad1c2b5f243376b320fa\">\n.avia-image-container.av-jzk4g298-f3d73f0ee42fad1c2b5f243376b320fa img.avia_image{\nbox-shadow:none;\n}\n.avia-image-container.av-jzk4g298-f3d73f0ee42fad1c2b5f243376b320fa .av-image-caption-overlay-center{\ncolor:#ffffff;\n}\n<\/style>\n<div  class='avia-image-container av-jzk4g298-f3d73f0ee42fad1c2b5f243376b320fa av-styling- avia-align-center  avia-builder-el-5  avia-builder-el-no-sibling '   itemprop=\"image\" itemscope=\"itemscope\" itemtype=\"https:\/\/schema.org\/ImageObject\" ><div class=\"avia-image-container-inner\"><div class=\"avia-image-overlay-wrap\"><img decoding=\"async\" class='wp-image-1432 avia-img-lazy-loading-not-1432 avia_image ' src=\"https:\/\/balazsivan.hu\/wp-content\/uploads\/2019\/10\/kapcsolat1014.jpeg\" alt='' title='Kapcsolat'  height=\"520\" width=\"780\"  itemprop=\"thumbnailUrl\" srcset=\"https:\/\/balazsivan.hu\/wp-content\/uploads\/2019\/10\/kapcsolat1014.jpeg 780w, https:\/\/balazsivan.hu\/wp-content\/uploads\/2019\/10\/kapcsolat1014-300x200.jpeg 300w, https:\/\/balazsivan.hu\/wp-content\/uploads\/2019\/10\/kapcsolat1014-768x512.jpeg 768w, https:\/\/balazsivan.hu\/wp-content\/uploads\/2019\/10\/kapcsolat1014-450x300.jpeg 450w\" sizes=\"(max-width: 780px) 100vw, 780px\" \/><\/div><\/div><\/div><\/div><\/div><!--close column table wrapper. Autoclose: 1 -->\n\n<\/div><\/div><\/main><!-- close content main element --><\/div><\/div><div id='kapcsolat'  class='avia-section av-1gmxf-6ca68cfaa0c2aef1066e98260ab95cd7 main_color avia-section-default avia-no-border-styling  avia-builder-el-6  el_after_av_section  el_before_av_section  avia-bg-style-scroll container_wrap sidebar_right'  ><div class='container av-section-cont-open' ><div class='template-page content  av-content-small alpha units'><div class='post-entry post-entry-type-page post-entry-1609'><div class='entry-content-wrapper clearfix'>\n\n<style type=\"text\/css\" data-created_by=\"avia_inline_auto\" id=\"style-css-av-13vk5i-9207c0f2cdbfcd30af9141887e7aa1ee\">\n.flex_column.av-13vk5i-9207c0f2cdbfcd30af9141887e7aa1ee{\n-webkit-border-radius:0px 0px 0px 0px;\n-moz-border-radius:0px 0px 0px 0px;\nborder-radius:0px 0px 0px 0px;\npadding:0px 0px 0px 0px;\n}\n<\/style>\n<div class='flex_column av-13vk5i-9207c0f2cdbfcd30af9141887e7aa1ee av_one_third  avia-builder-el-7  el_before_av_one_third  avia-builder-el-first  first flex_column_div av-zero-column-padding '     ><p>\n<style type=\"text\/css\" data-created_by=\"avia_inline_auto\" id=\"style-css-av-k1fa5vqa-8598ced30534e447d4942e890040da45\">\n.av_font_icon.av-k1fa5vqa-8598ced30534e447d4942e890040da45{\ncolor:#4476a1;\nborder-color:#4476a1;\n}\n.av_font_icon.av-k1fa5vqa-8598ced30534e447d4942e890040da45 .av-icon-char{\nfont-size:40px;\nline-height:40px;\n}\n<\/style>\n<span  class='av_font_icon av-k1fa5vqa-8598ced30534e447d4942e890040da45 avia_animate_when_visible av-icon-style- avia-icon-pos-center avia-icon-animate'><a href='https:\/\/goo.gl\/maps\/TRXkBAAibb6k4pHA9' target=\"_blank\" rel=\"noopener noreferrer\" class='av-icon-char' aria-hidden='true' data-av_icon='\ue842' data-av_iconfont='entypo-fontello'><\/a><\/span><br \/>\n<section  class='av_textblock_section av-k1fa6zzh-ddf77f46e08042d8bb4e975ee3f186b6'  itemscope=\"itemscope\" itemtype=\"https:\/\/schema.org\/CreativeWork\" ><div class='avia_textblock'  itemprop=\"text\" ><p style=\"text-align: center;\"><strong>Budapest ONE Center (\u0150rmez\u0151)<br \/>\n<\/strong>1112 Budapest, Balatoni \u00fat 2\/a<br \/>\nB l\u00e9pcs\u0151h\u00e1z I. emelet<br \/>\n<strong><a href=\"https:\/\/goo.gl\/maps\/5Zog9QR8nYJXz2Tm9\" target=\"_blank\" rel=\"noopener\">Google t\u00e9rk\u00e9p<\/a><\/strong><\/p>\n<\/div><\/section><\/p><\/div>\n<style type=\"text\/css\" data-created_by=\"avia_inline_auto\" id=\"style-css-av-376z2-7e08ee88007f4c220a846614a1212fcf\">\n.flex_column.av-376z2-7e08ee88007f4c220a846614a1212fcf{\n-webkit-border-radius:0px 0px 0px 0px;\n-moz-border-radius:0px 0px 0px 0px;\nborder-radius:0px 0px 0px 0px;\npadding:0px 0px 0px 0px;\n}\n<\/style>\n<div class='flex_column av-376z2-7e08ee88007f4c220a846614a1212fcf av_one_third  avia-builder-el-10  el_after_av_one_third  el_before_av_one_third  flex_column_div av-zero-column-padding '     ><p>\n<style type=\"text\/css\" data-created_by=\"avia_inline_auto\" id=\"style-css-av-k1fa5vqa-10-b88a8f1b28869801b50f47d0d2b7d38a\">\n.av_font_icon.av-k1fa5vqa-10-b88a8f1b28869801b50f47d0d2b7d38a{\ncolor:#4476a1;\nborder-color:#4476a1;\n}\n.av_font_icon.av-k1fa5vqa-10-b88a8f1b28869801b50f47d0d2b7d38a .av-icon-char{\nfont-size:40px;\nline-height:40px;\n}\n<\/style>\n<span  class='av_font_icon av-k1fa5vqa-10-b88a8f1b28869801b50f47d0d2b7d38a avia_animate_when_visible av-icon-style- avia-icon-pos-center avia-icon-animate'><a href='mailto:balazsivan@balazsivan.hu' target=\"_blank\" rel=\"noopener noreferrer\" class='av-icon-char' aria-hidden='true' data-av_icon='\ue805' data-av_iconfont='entypo-fontello'><\/a><\/span><br \/>\n<section  class='av_textblock_section av-k1fa6zzh-9-33c8ef133f70a00dac39f0ce7cb26cb1'  itemscope=\"itemscope\" itemtype=\"https:\/\/schema.org\/CreativeWork\" ><div class='avia_textblock'  itemprop=\"text\" ><p style=\"text-align: center;\"><a href=\"mailto:balazsivan@balazsivan.hu\">balazsivan@balazsivan.hu<\/a><\/p>\n<\/div><\/section><\/p><\/div>\n<style type=\"text\/css\" data-created_by=\"avia_inline_auto\" id=\"style-css-av-2v3se-9b73fdfe7efb1448948033d97d5415e1\">\n.flex_column.av-2v3se-9b73fdfe7efb1448948033d97d5415e1{\n-webkit-border-radius:0px 0px 0px 0px;\n-moz-border-radius:0px 0px 0px 0px;\nborder-radius:0px 0px 0px 0px;\npadding:0px 0px 0px 0px;\n}\n<\/style>\n<div class='flex_column av-2v3se-9b73fdfe7efb1448948033d97d5415e1 av_one_third  avia-builder-el-13  el_after_av_one_third  el_before_av_one_fourth  flex_column_div av-zero-column-padding '     ><p>\n<style type=\"text\/css\" data-created_by=\"avia_inline_auto\" id=\"style-css-av-k1fa5vqa-8-7d347704afed34b3440df62442609fcf\">\n.av_font_icon.av-k1fa5vqa-8-7d347704afed34b3440df62442609fcf{\ncolor:#4476a1;\nborder-color:#4476a1;\n}\n.av_font_icon.av-k1fa5vqa-8-7d347704afed34b3440df62442609fcf .av-icon-char{\nfont-size:40px;\nline-height:40px;\n}\n<\/style>\n<span  class='av_font_icon av-k1fa5vqa-8-7d347704afed34b3440df62442609fcf avia_animate_when_visible av-icon-style- avia-icon-pos-center avia-icon-animate'><a href='tel:+36 20 6696114' target=\"_blank\" rel=\"noopener noreferrer\" class='av-icon-char' aria-hidden='true' data-av_icon='\ue854' data-av_iconfont='entypo-fontello'><\/a><\/span><br \/>\n<section  class='av_textblock_section av-k1fa6zzh-7-a586a1f93b802e2bf3d830ab70468a25'  itemscope=\"itemscope\" itemtype=\"https:\/\/schema.org\/CreativeWork\" ><div class='avia_textblock'  itemprop=\"text\" ><p style=\"text-align: center;\"><a href=\"tel:+36%2020%206696114\">+36 20 669 6114  <\/a><\/p>\n<\/div><\/section><\/p><\/div>\n<style type=\"text\/css\" data-created_by=\"avia_inline_auto\" id=\"style-css-av-k1b67gdi-4a3ae846e7e5fe93620d0504bbf1fad5\">\n.flex_column.av-k1b67gdi-4a3ae846e7e5fe93620d0504bbf1fad5{\n-webkit-border-radius:0px 0px 0px 0px;\n-moz-border-radius:0px 0px 0px 0px;\nborder-radius:0px 0px 0px 0px;\npadding:0px 0px 0px 0px;\n}\n<\/style>\n<div class='flex_column av-k1b67gdi-4a3ae846e7e5fe93620d0504bbf1fad5 av_one_fourth  avia-builder-el-16  el_after_av_one_third  el_before_av_one_half  first av-break-at-tablet flex_column_div av-zero-column-padding column-top-margin'     ><\/div>\n<style type=\"text\/css\" data-created_by=\"avia_inline_auto\" id=\"style-css-av-14i77-02b5b1415f0c07df5b5c75754c1aea72\">\n.flex_column.av-14i77-02b5b1415f0c07df5b5c75754c1aea72{\n-webkit-border-radius:0px 0px 0px 0px;\n-moz-border-radius:0px 0px 0px 0px;\nborder-radius:0px 0px 0px 0px;\npadding:0px 0px 0px 0px;\n}\n<\/style>\n<div class='flex_column av-14i77-02b5b1415f0c07df5b5c75754c1aea72 av_one_half  avia-builder-el-17  el_after_av_one_fourth  el_before_av_one_fourth  av-break-at-tablet flex_column_div av-zero-column-padding column-top-margin'     ><section  class='av_textblock_section av-k1b6cpku-2eb42868f95c175cdd6b74b463fbac91'  itemscope=\"itemscope\" itemtype=\"https:\/\/schema.org\/CreativeWork\" ><div class='avia_textblock'  itemprop=\"text\" ><p style=\"text-align: center;\"><strong>L\u00e9pjen vel\u00fcnk kapcsolatba! <\/strong><\/p>\n<\/div><\/section><br \/>\n<\/p><\/div>\n<style type=\"text\/css\" data-created_by=\"avia_inline_auto\" id=\"style-css-av-wm3f-761b46edebce81d382dfe7b9793fce89\">\n.flex_column.av-wm3f-761b46edebce81d382dfe7b9793fce89{\n-webkit-border-radius:0px 0px 0px 0px;\n-moz-border-radius:0px 0px 0px 0px;\nborder-radius:0px 0px 0px 0px;\npadding:0px 0px 0px 0px;\n}\n<\/style>\n<div class='flex_column av-wm3f-761b46edebce81d382dfe7b9793fce89 av_one_fourth  avia-builder-el-20  el_after_av_one_half  avia-builder-el-last  av-break-at-tablet flex_column_div av-zero-column-padding column-top-margin'     ><\/div><\/div><\/div><\/div><!-- close content main div --><\/div><\/div><div id='av_section_3'  class='avia-section av-pczni-3157fed011b6d81ed0898117eeaa6d9a main_color avia-section-default avia-no-border-styling  avia-builder-el-21  el_after_av_section  avia-builder-el-last  avia-bg-style-scroll container_wrap sidebar_right'  ><div class='container av-section-cont-open' ><div class='template-page content  av-content-small alpha units'><div class='post-entry post-entry-type-page post-entry-1609'><div class='entry-content-wrapper clearfix'>\n\n<style type=\"text\/css\" data-created_by=\"avia_inline_auto\" id=\"style-css-av-echqe-441fbcc869424ac3316da454cefeeccf\">\n.flex_column.av-echqe-441fbcc869424ac3316da454cefeeccf{\n-webkit-border-radius:0px 0px 0px 0px;\n-moz-border-radius:0px 0px 0px 0px;\nborder-radius:0px 0px 0px 0px;\npadding:0px 0px 0px 0px;\n}\n<\/style>\n<div class='flex_column av-echqe-441fbcc869424ac3316da454cefeeccf av_one_full  avia-builder-el-22  el_before_av_one_fourth  avia-builder-el-first  first flex_column_div av-zero-column-padding '     ><section  class='av_textblock_section av-k1hnuw4w-de186c28d429116358c46196ca930f3d'  itemscope=\"itemscope\" itemtype=\"https:\/\/schema.org\/CreativeWork\" ><div class='avia_textblock'  itemprop=\"text\" ><h3 style=\"text-align: center;\">Itt is tal\u00e1lkozhat vel\u00fcnk!<\/h3>\n<\/div><\/section><\/div>\n<style type=\"text\/css\" data-created_by=\"avia_inline_auto\" id=\"style-css-av-k9brq-54374d07e30372a6dab857028d0e8645\">\n.flex_column.av-k9brq-54374d07e30372a6dab857028d0e8645{\n-webkit-border-radius:0px 0px 0px 0px;\n-moz-border-radius:0px 0px 0px 0px;\nborder-radius:0px 0px 0px 0px;\npadding:0px 0px 0px 0px;\n}\n<\/style>\n<div class='flex_column av-k9brq-54374d07e30372a6dab857028d0e8645 av_one_fourth  avia-builder-el-24  el_after_av_one_full  el_before_av_one_fourth  first av-break-at-tablet flex_column_div av-zero-column-padding column-top-margin'     ><\/div>\n<style type=\"text\/css\" data-created_by=\"avia_inline_auto\" id=\"style-css-av-k9brq-5-9fcdba7e6fcec13b61a924222bbb0876\">\n.flex_column.av-k9brq-5-9fcdba7e6fcec13b61a924222bbb0876{\n-webkit-border-radius:0px 0px 0px 0px;\n-moz-border-radius:0px 0px 0px 0px;\nborder-radius:0px 0px 0px 0px;\npadding:0px 0px 0px 0px;\n}\n<\/style>\n<div class='flex_column av-k9brq-5-9fcdba7e6fcec13b61a924222bbb0876 av_one_fourth  avia-builder-el-25  el_after_av_one_fourth  el_before_av_one_fourth  av-break-at-tablet flex_column_div av-zero-column-padding column-top-margin'     ><p>\n<style type=\"text\/css\" data-created_by=\"avia_inline_auto\" id=\"style-css-av-k1hnr4or-71aa4a9fb61277f894b262ea596bf854\">\n.av_font_icon.av-k1hnr4or-71aa4a9fb61277f894b262ea596bf854{\ncolor:#4476a1;\nborder-color:#4476a1;\n}\n.av_font_icon.av-k1hnr4or-71aa4a9fb61277f894b262ea596bf854 .av-icon-char{\nfont-size:40px;\nline-height:40px;\n}\n<\/style>\n<span  class='av_font_icon av-k1hnr4or-71aa4a9fb61277f894b262ea596bf854 avia_animate_when_visible av-icon-style- avia-icon-pos-center avia-icon-animate'><a href='https:\/\/www.facebook.com\/balazsivan0\/ ' target=\"_blank\" rel=\"noopener noreferrer\" class='av-icon-char' aria-hidden='true' data-av_icon='\ue8f5' data-av_iconfont='entypo-fontello'><\/a><\/span><br \/>\n<section  class='av_textblock_section av-k1hnrmhg-48e7bb74b78c9ffd32c90f67bf007cb9'  itemscope=\"itemscope\" itemtype=\"https:\/\/schema.org\/CreativeWork\" ><div class='avia_textblock'  itemprop=\"text\" ><p style=\"text-align: center;\"><strong><a href=\"https:\/\/www.facebook.com\/balazsivan0\/\" target=\"_blank\" rel=\"noopener\">Facebook<\/a><\/strong><\/p>\n<\/div><\/section><\/p><\/div>\n<style type=\"text\/css\" data-created_by=\"avia_inline_auto\" id=\"style-css-av-k9brq-4-5dd8976be7a9c8abc2473104130911df\">\n.flex_column.av-k9brq-4-5dd8976be7a9c8abc2473104130911df{\n-webkit-border-radius:0px 0px 0px 0px;\n-moz-border-radius:0px 0px 0px 0px;\nborder-radius:0px 0px 0px 0px;\npadding:0px 0px 0px 0px;\n}\n<\/style>\n<div class='flex_column av-k9brq-4-5dd8976be7a9c8abc2473104130911df av_one_fourth  avia-builder-el-28  el_after_av_one_fourth  el_before_av_one_fourth  av-break-at-tablet flex_column_div av-zero-column-padding column-top-margin'     ><p>\n<style type=\"text\/css\" data-created_by=\"avia_inline_auto\" id=\"style-css-av-k1hnr4or-3-b4a9dd2d3be15295b173734e69004ed4\">\n.av_font_icon.av-k1hnr4or-3-b4a9dd2d3be15295b173734e69004ed4{\ncolor:#4476a1;\nborder-color:#4476a1;\n}\n.av_font_icon.av-k1hnr4or-3-b4a9dd2d3be15295b173734e69004ed4 .av-icon-char{\nfont-size:40px;\nline-height:40px;\n}\n<\/style>\n<span  class='av_font_icon av-k1hnr4or-3-b4a9dd2d3be15295b173734e69004ed4 avia_animate_when_visible av-icon-style- avia-icon-pos-center avia-icon-animate'><a href='https:\/\/www.linkedin.com\/in\/bal%C3%A1zs-iv%C3%A1n-ab273a85\/ ' target=\"_blank\" rel=\"noopener noreferrer\" class='av-icon-char' aria-hidden='true' data-av_icon='\ue8fd' data-av_iconfont='entypo-fontello'><\/a><\/span><br \/>\n<section  class='av_textblock_section av-k1hnrmhg-2-ac186f6494300b5b1153826938af5246'  itemscope=\"itemscope\" itemtype=\"https:\/\/schema.org\/CreativeWork\" ><div class='avia_textblock'  itemprop=\"text\" ><p style=\"text-align: center;\"><strong><a href=\"https:\/\/www.linkedin.com\/in\/bal%C3%A1zs-iv%C3%A1n-ab273a85\/\" target=\"_blank\" rel=\"noopener\">Linkedin<\/a><\/strong><\/p>\n<\/div><\/section><\/p><\/div>\n<style type=\"text\/css\" data-created_by=\"avia_inline_auto\" id=\"style-css-av-k9brq-1-330712306e9f7ea7e2b5f44bce32a2e0\">\n.flex_column.av-k9brq-1-330712306e9f7ea7e2b5f44bce32a2e0{\n-webkit-border-radius:0px 0px 0px 0px;\n-moz-border-radius:0px 0px 0px 0px;\nborder-radius:0px 0px 0px 0px;\npadding:0px 0px 0px 0px;\n}\n<\/style>\n<div class='flex_column av-k9brq-1-330712306e9f7ea7e2b5f44bce32a2e0 av_one_fourth  avia-builder-el-31  el_after_av_one_fourth  el_before_av_one_full  av-break-at-tablet flex_column_div av-zero-column-padding column-top-margin'     ><\/div>\n<style type=\"text\/css\" data-created_by=\"avia_inline_auto\" id=\"style-css-av-crl4e-ae1ccb0821f6dfe70e0304816ffbf511\">\n.flex_column.av-crl4e-ae1ccb0821f6dfe70e0304816ffbf511{\n-webkit-border-radius:0px 0px 0px 0px;\n-moz-border-radius:0px 0px 0px 0px;\nborder-radius:0px 0px 0px 0px;\npadding:0px 0px 0px 0px;\n}\n<\/style>\n<div class='flex_column av-crl4e-ae1ccb0821f6dfe70e0304816ffbf511 av_one_full  avia-builder-el-32  el_after_av_one_fourth  avia-builder-el-last  first flex_column_div av-zero-column-padding column-top-margin'     ><\/div>\n<\/div><\/div><\/div><!-- close content main div --><\/div><\/div><div id='after_section_3'  class='main_color av_default_container_wrap container_wrap sidebar_right'  ><div class='container av-section-cont-open' ><div class='template-page content  av-content-small alpha units'><div class='post-entry post-entry-type-page post-entry-1609'><div class='entry-content-wrapper clearfix'><\/p>\n","protected":false},"excerpt":{"rendered":"","protected":false},"author":1,"featured_media":0,"parent":0,"menu_order":0,"comment_status":"closed","ping_status":"closed","template":"","meta":[],"yoast_head":"<!-- This site is optimized with the Yoast SEO plugin v20.6 - https:\/\/yoast.com\/wordpress\/plugins\/seo\/ -->\n<title>Kapcsolat - Bal\u00e1zs Iv\u00e1n - V\u00e1llalati eg\u00e9szs\u00e9gbiztos\u00edt\u00e1si szak\u00e9rt\u0151<\/title>\n<meta name=\"robots\" content=\"index, follow, max-snippet:-1, max-image-preview:large, max-video-preview:-1\" \/>\n<link rel=\"canonical\" href=\"http:\/\/balazsivan.hu\/en\/contact\/\" \/>\n<meta property=\"og:locale\" content=\"en_US\" \/>\n<meta property=\"og:type\" content=\"article\" \/>\n<meta property=\"og:title\" content=\"Kapcsolat - Bal\u00e1zs Iv\u00e1n - V\u00e1llalati eg\u00e9szs\u00e9gbiztos\u00edt\u00e1si szak\u00e9rt\u0151\" \/>\n<meta property=\"og:url\" content=\"http:\/\/balazsivan.hu\/en\/contact\/\" \/>\n<meta property=\"og:site_name\" content=\"Bal\u00e1zs Iv\u00e1n - V\u00e1llalati eg\u00e9szs\u00e9gbiztos\u00edt\u00e1si szak\u00e9rt\u0151\" \/>\n<meta property=\"article:publisher\" content=\"https:\/\/www.facebook.com\/balazsivan0\" \/>\n<meta property=\"article:modified_time\" content=\"2024-02-17T20:06:46+00:00\" \/>\n<meta name=\"twitter:card\" content=\"summary_large_image\" \/>\n<meta name=\"twitter:label1\" content=\"Est. reading time\" \/>\n\t<meta name=\"twitter:data1\" content=\"6 minutes\" \/>\n<script type=\"application\/ld+json\" class=\"yoast-schema-graph\">{\"@context\":\"https:\/\/schema.org\",\"@graph\":[{\"@type\":\"WebPage\",\"@id\":\"http:\/\/balazsivan.hu\/en\/contact\/\",\"url\":\"http:\/\/balazsivan.hu\/en\/contact\/\",\"name\":\"Kapcsolat - Bal\u00e1zs Iv\u00e1n - V\u00e1llalati eg\u00e9szs\u00e9gbiztos\u00edt\u00e1si szak\u00e9rt\u0151\",\"isPartOf\":{\"@id\":\"https:\/\/balazsivan.hu\/en\/#website\"},\"datePublished\":\"2019-08-15T13:53:52+00:00\",\"dateModified\":\"2024-02-17T20:06:46+00:00\",\"breadcrumb\":{\"@id\":\"http:\/\/balazsivan.hu\/en\/contact\/#breadcrumb\"},\"inLanguage\":\"en-US\",\"potentialAction\":[{\"@type\":\"ReadAction\",\"target\":[\"http:\/\/balazsivan.hu\/en\/contact\/\"]}]},{\"@type\":\"BreadcrumbList\",\"@id\":\"http:\/\/balazsivan.hu\/en\/contact\/#breadcrumb\",\"itemListElement\":[{\"@type\":\"ListItem\",\"position\":1,\"name\":\"Home\",\"item\":\"https:\/\/balazsivan.hu\/en\/\"},{\"@type\":\"ListItem\",\"position\":2,\"name\":\"Kapcsolat\"}]},{\"@type\":\"WebSite\",\"@id\":\"https:\/\/balazsivan.hu\/en\/#website\",\"url\":\"https:\/\/balazsivan.hu\/en\/\",\"name\":\"Bal\u00e1zs Iv\u00e1n - V\u00e1llalati eg\u00e9szs\u00e9gbiztos\u00edt\u00e1si szak\u00e9rt\u0151\",\"description\":\"V\u00e1llalati eg\u00e9szs\u00e9gbiztos\u00edt\u00e1si szak\u00e9rt\u0151\",\"potentialAction\":[{\"@type\":\"SearchAction\",\"target\":{\"@type\":\"EntryPoint\",\"urlTemplate\":\"https:\/\/balazsivan.hu\/en\/?s={search_term_string}\"},\"query-input\":\"required name=search_term_string\"}],\"inLanguage\":\"en-US\"}]}<\/script>\n<!-- \/ Yoast SEO plugin. -->","yoast_head_json":{"title":"Kapcsolat - Bal\u00e1zs Iv\u00e1n - V\u00e1llalati eg\u00e9szs\u00e9gbiztos\u00edt\u00e1si szak\u00e9rt\u0151","robots":{"index":"index","follow":"follow","max-snippet":"max-snippet:-1","max-image-preview":"max-image-preview:large","max-video-preview":"max-video-preview:-1"},"canonical":"http:\/\/balazsivan.hu\/en\/contact\/","og_locale":"en_US","og_type":"article","og_title":"Kapcsolat - Bal\u00e1zs Iv\u00e1n - V\u00e1llalati eg\u00e9szs\u00e9gbiztos\u00edt\u00e1si szak\u00e9rt\u0151","og_url":"http:\/\/balazsivan.hu\/en\/contact\/","og_site_name":"Bal\u00e1zs Iv\u00e1n - V\u00e1llalati eg\u00e9szs\u00e9gbiztos\u00edt\u00e1si szak\u00e9rt\u0151","article_publisher":"https:\/\/www.facebook.com\/balazsivan0","article_modified_time":"2024-02-17T20:06:46+00:00","twitter_card":"summary_large_image","twitter_misc":{"Est. reading time":"6 minutes"},"schema":{"@context":"https:\/\/schema.org","@graph":[{"@type":"WebPage","@id":"http:\/\/balazsivan.hu\/en\/contact\/","url":"http:\/\/balazsivan.hu\/en\/contact\/","name":"Kapcsolat - Bal\u00e1zs Iv\u00e1n - V\u00e1llalati eg\u00e9szs\u00e9gbiztos\u00edt\u00e1si szak\u00e9rt\u0151","isPartOf":{"@id":"https:\/\/balazsivan.hu\/en\/#website"},"datePublished":"2019-08-15T13:53:52+00:00","dateModified":"2024-02-17T20:06:46+00:00","breadcrumb":{"@id":"http:\/\/balazsivan.hu\/en\/contact\/#breadcrumb"},"inLanguage":"en-US","potentialAction":[{"@type":"ReadAction","target":["http:\/\/balazsivan.hu\/en\/contact\/"]}]},{"@type":"BreadcrumbList","@id":"http:\/\/balazsivan.hu\/en\/contact\/#breadcrumb","itemListElement":[{"@type":"ListItem","position":1,"name":"Home","item":"https:\/\/balazsivan.hu\/en\/"},{"@type":"ListItem","position":2,"name":"Kapcsolat"}]},{"@type":"WebSite","@id":"https:\/\/balazsivan.hu\/en\/#website","url":"https:\/\/balazsivan.hu\/en\/","name":"Bal\u00e1zs Iv\u00e1n - V\u00e1llalati eg\u00e9szs\u00e9gbiztos\u00edt\u00e1si szak\u00e9rt\u0151","description":"V\u00e1llalati eg\u00e9szs\u00e9gbiztos\u00edt\u00e1si szak\u00e9rt\u0151","potentialAction":[{"@type":"SearchAction","target":{"@type":"EntryPoint","urlTemplate":"https:\/\/balazsivan.hu\/en\/?s={search_term_string}"},"query-input":"required name=search_term_string"}],"inLanguage":"en-US"}]}},"_links":{"self":[{"href":"https:\/\/balazsivan.hu\/en\/wp-json\/wp\/v2\/pages\/1609"}],"collection":[{"href":"https:\/\/balazsivan.hu\/en\/wp-json\/wp\/v2\/pages"}],"about":[{"href":"https:\/\/balazsivan.hu\/en\/wp-json\/wp\/v2\/types\/page"}],"author":[{"embeddable":true,"href":"https:\/\/balazsivan.hu\/en\/wp-json\/wp\/v2\/users\/1"}],"replies":[{"embeddable":true,"href":"https:\/\/balazsivan.hu\/en\/wp-json\/wp\/v2\/comments?post=1609"}],"version-history":[{"count":13,"href":"https:\/\/balazsivan.hu\/en\/wp-json\/wp\/v2\/pages\/1609\/revisions"}],"predecessor-version":[{"id":2130,"href":"https:\/\/balazsivan.hu\/en\/wp-json\/wp\/v2\/pages\/1609\/revisions\/2130"}],"wp:attachment":[{"href":"https:\/\/balazsivan.hu\/en\/wp-json\/wp\/v2\/media?parent=1609"}],"curies":[{"name":"wp","href":"https:\/\/api.w.org\/{rel}","templated":true}]}}