{"id":1604,"date":"2021-03-05T11:21:19","date_gmt":"2021-03-05T11:21:19","guid":{"rendered":"https:\/\/balazsivan.hu\/gyere-at\/"},"modified":"2023-04-18T09:13:39","modified_gmt":"2023-04-18T09:13:39","slug":"come-on-over","status":"publish","type":"page","link":"http:\/\/balazsivan.hu\/en\/come-on-over\/","title":{"rendered":"Come on over"},"content":{"rendered":"<div id='av_section_1'  class='avia-section av-gwa4b-0f1c05c52b00110761de68e763fb56aa main_color avia-section-default avia-no-border-styling  avia-builder-el-0  avia-builder-el-no-sibling  avia-bg-style-scroll container_wrap sidebar_right'  ><div class='container av-section-cont-open' ><main  role=\"main\" itemprop=\"mainContentOfPage\"  class='template-page content  av-content-small alpha units'><div class='post-entry post-entry-type-page post-entry-1604'><div class='entry-content-wrapper clearfix'>\n\n<style type=\"text\/css\" data-created_by=\"avia_inline_auto\" id=\"style-css-av-7ru1n-150d5b4a995edace67e05bb4a8f50ee1\">\n.flex_column.av-7ru1n-150d5b4a995edace67e05bb4a8f50ee1{\n-webkit-border-radius:0px 0px 0px 0px;\n-moz-border-radius:0px 0px 0px 0px;\nborder-radius:0px 0px 0px 0px;\npadding:0px 0px 0px 0px;\n}\n<\/style>\n<div class='flex_column av-7ru1n-150d5b4a995edace67e05bb4a8f50ee1 av_one_full  avia-builder-el-1  avia-builder-el-no-sibling  first flex_column_div av-zero-column-padding '     ><p>\n<style type=\"text\/css\" data-created_by=\"avia_inline_auto\" id=\"style-css-av-klw7mub2-a2f0e5ca73ae5f20ecc2a4f81c9ab21d\">\n.avia-image-container.av-klw7mub2-a2f0e5ca73ae5f20ecc2a4f81c9ab21d img.avia_image{\nbox-shadow:none;\n}\n.avia-image-container.av-klw7mub2-a2f0e5ca73ae5f20ecc2a4f81c9ab21d .av-image-caption-overlay-center{\ncolor:#ffffff;\n}\n<\/style>\n<div  class='avia-image-container av-klw7mub2-a2f0e5ca73ae5f20ecc2a4f81c9ab21d av-styling- avia-align-center  avia-builder-el-2  el_before_av_textblock  avia-builder-el-first '   itemprop=\"image\" itemscope=\"itemscope\" itemtype=\"https:\/\/schema.org\/ImageObject\" ><div class=\"avia-image-container-inner\"><div class=\"avia-image-overlay-wrap\"><img decoding=\"async\" class='wp-image-1477 avia-img-lazy-loading-not-1477 avia_image ' src=\"https:\/\/balazsivan.hu\/wp-content\/uploads\/2021\/03\/gyere-at-xs.jpg\" alt='' title='gyere-at-xs'  height=\"512\" width=\"1200\"  itemprop=\"thumbnailUrl\" srcset=\"https:\/\/balazsivan.hu\/wp-content\/uploads\/2021\/03\/gyere-at-xs.jpg 1200w, https:\/\/balazsivan.hu\/wp-content\/uploads\/2021\/03\/gyere-at-xs-300x128.jpg 300w, https:\/\/balazsivan.hu\/wp-content\/uploads\/2021\/03\/gyere-at-xs-1030x439.jpg 1030w, https:\/\/balazsivan.hu\/wp-content\/uploads\/2021\/03\/gyere-at-xs-768x328.jpg 768w, https:\/\/balazsivan.hu\/wp-content\/uploads\/2021\/03\/gyere-at-xs-450x192.jpg 450w\" sizes=\"(max-width: 1200px) 100vw, 1200px\" \/><\/div><\/div><\/div><br \/>\n<section  class='av_textblock_section av-klw7pb07-32a8aedc9f171974cb7dd2b088f22f49'  itemscope=\"itemscope\" itemtype=\"https:\/\/schema.org\/CreativeWork\" ><div class='avia_textblock'  itemprop=\"text\" ><h1 style=\"text-align: center;\">COMING THROUGH?<\/h1>\n<p style=\"text-align: center;\">WE ARE NOT LOOKING FOR NEW COLLEAGUES, BUT IF YOU WANT TO JOIN AS AN EXPERT, WE ARE OPEN TO<\/p>\n<ul>\n<li><span style=\"font-size: 10pt;\">Do you feel that your work is no longer valued enough?!<\/span><\/li>\n<li><span style=\"font-size: 10pt;\">Your insurance tracker commission has become uncertain and the conditions for obtaining it are constantly deteriorating?!<\/span><\/li>\n<li><span style=\"font-size: 10pt;\">Are you being squeezed with unrealistic plans, with no room for improvement and slow management response to market needs?<\/span><\/li>\n<li><span style=\"font-size: 10pt;\">Your situation has become precarious because your business conditions are changing?!<\/span><\/li>\n<\/ul>\n<p>WE DO OUR WORK TO A VERY HIGH STANDARD, AND WE HAVE A LOT OF CLIENTS, IN FACT&#8230;<\/p>\n<p>You should apply to us if:<\/p>\n<ul>\n<li><span style=\"font-size: 10pt;\">you are an expert in a financial field,<\/span><\/li>\n<li><span style=\"font-size: 10pt;\">or you want to become a health insurance expert,<\/span><\/li>\n<li><span style=\"font-size: 10pt;\">you have the drive and the energy, because that&#8217;s the only way we can support you,<\/span><\/li>\n<li><span style=\"font-size: 10pt;\">you have a car, you have a spare, you have the tools, you have the desire.<\/span><\/li>\n<\/ul>\n<p><strong>IF ALL THIS SOUNDS GOOD, LET&#8217;S TALK ABOUT THE DETAILS AND FILL IN THE FORM BELOW!<\/strong><br \/>\nPhone:<br \/>\nE-mail:<\/p>\n<\/div><\/section><\/p><\/div><\/div><\/div><\/main><!-- close content main element --><\/div><\/div><div id='after_section_1'  class='main_color av_default_container_wrap container_wrap sidebar_right'  ><div class='container av-section-cont-open' ><div class='template-page content  av-content-small alpha units'><div class='post-entry post-entry-type-page post-entry-1604'><div class='entry-content-wrapper clearfix'>\n","protected":false},"excerpt":{"rendered":"","protected":false},"author":1,"featured_media":0,"parent":0,"menu_order":0,"comment_status":"closed","ping_status":"closed","template":"template-blank.php","meta":[],"yoast_head":"<!-- This site is optimized with the Yoast SEO plugin v20.6 - https:\/\/yoast.com\/wordpress\/plugins\/seo\/ -->\n<title>Come on over - Bal\u00e1zs Iv\u00e1n - V\u00e1llalati eg\u00e9szs\u00e9gbiztos\u00edt\u00e1si szak\u00e9rt\u0151<\/title>\n<meta name=\"robots\" content=\"index, follow, max-snippet:-1, max-image-preview:large, max-video-preview:-1\" \/>\n<link rel=\"canonical\" href=\"http:\/\/balazsivan.hu\/en\/come-on-over\/\" \/>\n<meta property=\"og:locale\" content=\"en_US\" \/>\n<meta property=\"og:type\" content=\"article\" \/>\n<meta property=\"og:title\" content=\"Come on over - Bal\u00e1zs Iv\u00e1n - V\u00e1llalati eg\u00e9szs\u00e9gbiztos\u00edt\u00e1si szak\u00e9rt\u0151\" \/>\n<meta property=\"og:url\" content=\"http:\/\/balazsivan.hu\/en\/come-on-over\/\" \/>\n<meta property=\"og:site_name\" content=\"Bal\u00e1zs Iv\u00e1n - V\u00e1llalati eg\u00e9szs\u00e9gbiztos\u00edt\u00e1si szak\u00e9rt\u0151\" \/>\n<meta property=\"article:publisher\" content=\"https:\/\/www.facebook.com\/balazsivan0\" \/>\n<meta property=\"article:modified_time\" content=\"2023-04-18T09:13:39+00:00\" \/>\n<meta name=\"twitter:card\" content=\"summary_large_image\" \/>\n<meta name=\"twitter:label1\" content=\"Est. reading time\" \/>\n\t<meta name=\"twitter:data1\" content=\"2 minutes\" \/>\n<script type=\"application\/ld+json\" class=\"yoast-schema-graph\">{\"@context\":\"https:\/\/schema.org\",\"@graph\":[{\"@type\":\"WebPage\",\"@id\":\"http:\/\/balazsivan.hu\/en\/come-on-over\/\",\"url\":\"http:\/\/balazsivan.hu\/en\/come-on-over\/\",\"name\":\"Come on over - Bal\u00e1zs Iv\u00e1n - V\u00e1llalati eg\u00e9szs\u00e9gbiztos\u00edt\u00e1si szak\u00e9rt\u0151\",\"isPartOf\":{\"@id\":\"https:\/\/balazsivan.hu\/en\/#website\"},\"datePublished\":\"2021-03-05T11:21:19+00:00\",\"dateModified\":\"2023-04-18T09:13:39+00:00\",\"breadcrumb\":{\"@id\":\"http:\/\/balazsivan.hu\/en\/come-on-over\/#breadcrumb\"},\"inLanguage\":\"en-US\",\"potentialAction\":[{\"@type\":\"ReadAction\",\"target\":[\"http:\/\/balazsivan.hu\/en\/come-on-over\/\"]}]},{\"@type\":\"BreadcrumbList\",\"@id\":\"http:\/\/balazsivan.hu\/en\/come-on-over\/#breadcrumb\",\"itemListElement\":[{\"@type\":\"ListItem\",\"position\":1,\"name\":\"Home\",\"item\":\"https:\/\/balazsivan.hu\/en\/\"},{\"@type\":\"ListItem\",\"position\":2,\"name\":\"Come on over\"}]},{\"@type\":\"WebSite\",\"@id\":\"https:\/\/balazsivan.hu\/en\/#website\",\"url\":\"https:\/\/balazsivan.hu\/en\/\",\"name\":\"Bal\u00e1zs Iv\u00e1n - V\u00e1llalati eg\u00e9szs\u00e9gbiztos\u00edt\u00e1si szak\u00e9rt\u0151\",\"description\":\"V\u00e1llalati eg\u00e9szs\u00e9gbiztos\u00edt\u00e1si szak\u00e9rt\u0151\",\"potentialAction\":[{\"@type\":\"SearchAction\",\"target\":{\"@type\":\"EntryPoint\",\"urlTemplate\":\"https:\/\/balazsivan.hu\/en\/?s={search_term_string}\"},\"query-input\":\"required name=search_term_string\"}],\"inLanguage\":\"en-US\"}]}<\/script>\n<!-- \/ Yoast SEO plugin. -->","yoast_head_json":{"title":"Come on over - Bal\u00e1zs Iv\u00e1n - V\u00e1llalati eg\u00e9szs\u00e9gbiztos\u00edt\u00e1si szak\u00e9rt\u0151","robots":{"index":"index","follow":"follow","max-snippet":"max-snippet:-1","max-image-preview":"max-image-preview:large","max-video-preview":"max-video-preview:-1"},"canonical":"http:\/\/balazsivan.hu\/en\/come-on-over\/","og_locale":"en_US","og_type":"article","og_title":"Come on over - Bal\u00e1zs Iv\u00e1n - V\u00e1llalati eg\u00e9szs\u00e9gbiztos\u00edt\u00e1si szak\u00e9rt\u0151","og_url":"http:\/\/balazsivan.hu\/en\/come-on-over\/","og_site_name":"Bal\u00e1zs Iv\u00e1n - V\u00e1llalati eg\u00e9szs\u00e9gbiztos\u00edt\u00e1si szak\u00e9rt\u0151","article_publisher":"https:\/\/www.facebook.com\/balazsivan0","article_modified_time":"2023-04-18T09:13:39+00:00","twitter_card":"summary_large_image","twitter_misc":{"Est. reading time":"2 minutes"},"schema":{"@context":"https:\/\/schema.org","@graph":[{"@type":"WebPage","@id":"http:\/\/balazsivan.hu\/en\/come-on-over\/","url":"http:\/\/balazsivan.hu\/en\/come-on-over\/","name":"Come on over - Bal\u00e1zs Iv\u00e1n - V\u00e1llalati eg\u00e9szs\u00e9gbiztos\u00edt\u00e1si szak\u00e9rt\u0151","isPartOf":{"@id":"https:\/\/balazsivan.hu\/en\/#website"},"datePublished":"2021-03-05T11:21:19+00:00","dateModified":"2023-04-18T09:13:39+00:00","breadcrumb":{"@id":"http:\/\/balazsivan.hu\/en\/come-on-over\/#breadcrumb"},"inLanguage":"en-US","potentialAction":[{"@type":"ReadAction","target":["http:\/\/balazsivan.hu\/en\/come-on-over\/"]}]},{"@type":"BreadcrumbList","@id":"http:\/\/balazsivan.hu\/en\/come-on-over\/#breadcrumb","itemListElement":[{"@type":"ListItem","position":1,"name":"Home","item":"https:\/\/balazsivan.hu\/en\/"},{"@type":"ListItem","position":2,"name":"Come on over"}]},{"@type":"WebSite","@id":"https:\/\/balazsivan.hu\/en\/#website","url":"https:\/\/balazsivan.hu\/en\/","name":"Bal\u00e1zs Iv\u00e1n - V\u00e1llalati eg\u00e9szs\u00e9gbiztos\u00edt\u00e1si szak\u00e9rt\u0151","description":"V\u00e1llalati eg\u00e9szs\u00e9gbiztos\u00edt\u00e1si szak\u00e9rt\u0151","potentialAction":[{"@type":"SearchAction","target":{"@type":"EntryPoint","urlTemplate":"https:\/\/balazsivan.hu\/en\/?s={search_term_string}"},"query-input":"required name=search_term_string"}],"inLanguage":"en-US"}]}},"_links":{"self":[{"href":"https:\/\/balazsivan.hu\/en\/wp-json\/wp\/v2\/pages\/1604"}],"collection":[{"href":"https:\/\/balazsivan.hu\/en\/wp-json\/wp\/v2\/pages"}],"about":[{"href":"https:\/\/balazsivan.hu\/en\/wp-json\/wp\/v2\/types\/page"}],"author":[{"embeddable":true,"href":"https:\/\/balazsivan.hu\/en\/wp-json\/wp\/v2\/users\/1"}],"replies":[{"embeddable":true,"href":"https:\/\/balazsivan.hu\/en\/wp-json\/wp\/v2\/comments?post=1604"}],"version-history":[{"count":10,"href":"https:\/\/balazsivan.hu\/en\/wp-json\/wp\/v2\/pages\/1604\/revisions"}],"predecessor-version":[{"id":1757,"href":"https:\/\/balazsivan.hu\/en\/wp-json\/wp\/v2\/pages\/1604\/revisions\/1757"}],"wp:attachment":[{"href":"https:\/\/balazsivan.hu\/en\/wp-json\/wp\/v2\/media?parent=1604"}],"curies":[{"name":"wp","href":"https:\/\/api.w.org\/{rel}","templated":true}]}}