{"id":1591,"date":"2019-10-05T07:37:35","date_gmt":"2019-10-05T07:37:35","guid":{"rendered":"https:\/\/balazsivan.hu\/balazs-ivan\/"},"modified":"2023-07-13T08:40:08","modified_gmt":"2023-07-13T08:40:08","slug":"ivan-balazs","status":"publish","type":"page","link":"http:\/\/balazsivan.hu\/en\/ivan-balazs\/","title":{"rendered":"Iv\u00e1n Bal\u00e1zs"},"content":{"rendered":"<div id='av_section_1'  class='avia-section av-jzk1d8kl-b0143d86c6a57fcd242cc4ddc8377421 alternate_color avia-section-default avia-no-border-styling  avia-builder-el-0  el_before_av_section  avia-builder-el-first  aloldal-hero sitewide-hero avia-bg-style-scroll av-minimum-height av-minimum-height-50  container_wrap sidebar_right'   data-av_minimum_height_pc='50'><div class='container av-section-cont-open' ><main  role=\"main\" itemprop=\"mainContentOfPage\"  class='template-page content  av-content-small alpha units'><div class='post-entry post-entry-type-page post-entry-1591'><div class='entry-content-wrapper clearfix'>\n<div class='flex_column_table av-jzk1xn6m-0eb201ad3e3ee772b7185e756b5e1dd7 sc-av_one_half av-break-at-tablet-flextable av-equal-height-column-flextable'>\n<style type=\"text\/css\" data-created_by=\"avia_inline_auto\" id=\"style-css-av-jzk1xn6m-0eb201ad3e3ee772b7185e756b5e1dd7\">\n.flex_column.av-jzk1xn6m-0eb201ad3e3ee772b7185e756b5e1dd7{\n-webkit-border-radius:0px 0px 0px 0px;\n-moz-border-radius:0px 0px 0px 0px;\nborder-radius:0px 0px 0px 0px;\npadding:0px 0px 0px 0px;\n}\n<\/style>\n<div class='flex_column av-jzk1xn6m-0eb201ad3e3ee772b7185e756b5e1dd7 av_one_half  avia-builder-el-1  el_before_av_one_half  avia-builder-el-first  first av-break-at-tablet flex_column_table_cell av-equal-height-column av-align-middle av-zero-column-padding '     ><section  class='av_textblock_section av-jzk1lb61-bc149616e1ba230b93c910b16f1f3bef'  itemscope=\"itemscope\" itemtype=\"https:\/\/schema.org\/CreativeWork\" ><div class='avia_textblock'  itemprop=\"text\" ><h1 style=\"text-align: center;\">Iv\u00e1n Bal\u00e1zs<\/h1>\n<h2 style=\"text-align: center;\"><span style=\"font-weight: 400;\">\u00a0<strong>I have been providing financial services for more than 20 years.<\/strong><\/span><\/h2>\n<p style=\"text-align: center;\"><span style=\"font-weight: 400;\">Over the years I have specialised in corporate health benefits, with a particular focus on health insurance. This field is my passion, my daily driving force!<\/span><\/p>\n<\/div><\/section><br \/>\n<div  class='avia-button-wrap av-jzk256l0-507213e4fba9f573f46e3c1ac4b0d4ea-wrap avia-button-center  avia-builder-el-3  el_after_av_textblock  avia-builder-el-last ' ><a href='#balazs-ivan'  class='avia-button av-jzk256l0-507213e4fba9f573f46e3c1ac4b0d4ea avia-icon_select-no avia-size-large avia-position-center avia-color-theme-color' ><span class='avia_iconbox_title' >Read more<\/span><\/a><\/div><\/p><\/div><div class='av-flex-placeholder'><\/div>\n<style type=\"text\/css\" data-created_by=\"avia_inline_auto\" id=\"style-css-av-3c0b2-4043112d5fdab7cf9af4a4b329206755\">\n.flex_column.av-3c0b2-4043112d5fdab7cf9af4a4b329206755{\n-webkit-border-radius:0px 0px 0px 0px;\n-moz-border-radius:0px 0px 0px 0px;\nborder-radius:0px 0px 0px 0px;\npadding:0px 0px 0px 0px;\n}\n<\/style>\n<div class='flex_column av-3c0b2-4043112d5fdab7cf9af4a4b329206755 av_one_half  avia-builder-el-4  el_after_av_one_half  avia-builder-el-last  av-break-at-tablet flex_column_table_cell av-equal-height-column av-align-middle av-zero-column-padding '     ><style type=\"text\/css\" data-created_by=\"avia_inline_auto\" id=\"style-css-av-k00xogn1-070fd0e844451bf1de2a32ae61c4dda3\">\n.avia-image-container.av-k00xogn1-070fd0e844451bf1de2a32ae61c4dda3 img.avia_image{\nbox-shadow:none;\n}\n.avia-image-container.av-k00xogn1-070fd0e844451bf1de2a32ae61c4dda3 .av-image-caption-overlay-center{\ncolor:#ffffff;\n}\n<\/style>\n<div  class='avia-image-container av-k00xogn1-070fd0e844451bf1de2a32ae61c4dda3 av-styling- avia-align-center  avia-builder-el-5  avia-builder-el-no-sibling '   itemprop=\"image\" itemscope=\"itemscope\" itemtype=\"https:\/\/schema.org\/ImageObject\" ><div class=\"avia-image-container-inner\"><div class=\"avia-image-overlay-wrap\"><img decoding=\"async\" class='wp-image-1353 avia-img-lazy-loading-not-1353 avia_image ' src=\"https:\/\/balazsivan.hu\/wp-content\/uploads\/2019\/08\/balazsivan-3.jpg\" alt='' title='Bal\u00e1zs Iv\u00e1n'  height=\"520\" width=\"780\"  itemprop=\"thumbnailUrl\" srcset=\"https:\/\/balazsivan.hu\/wp-content\/uploads\/2019\/08\/balazsivan-3.jpg 780w, https:\/\/balazsivan.hu\/wp-content\/uploads\/2019\/08\/balazsivan-3-300x200.jpg 300w, https:\/\/balazsivan.hu\/wp-content\/uploads\/2019\/08\/balazsivan-3-768x512.jpg 768w, https:\/\/balazsivan.hu\/wp-content\/uploads\/2019\/08\/balazsivan-3-450x300.jpg 450w\" sizes=\"(max-width: 780px) 100vw, 780px\" \/><\/div><\/div><\/div><\/div><\/div><!--close column table wrapper. Autoclose: 1 -->\n\n<\/div><\/div><\/main><!-- close content main element --><\/div><\/div><div id='balazs-ivan'  class='avia-section av-k1d8pzcv-992a4d64dea60b28e745f04eb9204871 main_color avia-section-default avia-no-border-styling  avia-builder-el-6  el_after_av_section  avia-builder-el-last  avia-bg-style-scroll container_wrap sidebar_right'  ><div class='container av-section-cont-open' ><div class='template-page content  av-content-small alpha units'><div class='post-entry post-entry-type-page post-entry-1591'><div class='entry-content-wrapper clearfix'>\n\n<style type=\"text\/css\" data-created_by=\"avia_inline_auto\" id=\"style-css-av-xc8oh-e5103c74bec6e70927e12575bb97fff7\">\n.flex_column.av-xc8oh-e5103c74bec6e70927e12575bb97fff7{\n-webkit-border-radius:0px 0px 0px 0px;\n-moz-border-radius:0px 0px 0px 0px;\nborder-radius:0px 0px 0px 0px;\npadding:0px 0px 0px 0px;\n}\n<\/style>\n<div class='flex_column av-xc8oh-e5103c74bec6e70927e12575bb97fff7 av_one_third  avia-builder-el-7  el_before_av_two_third  avia-builder-el-first  first flex_column_div av-zero-column-padding '     ><p>\n<style type=\"text\/css\" data-created_by=\"avia_inline_auto\" id=\"style-css-av-k1d8jrfb-ca65ece1a4abfffb73f550a5fc1975f7\">\n.avia-image-container.av-k1d8jrfb-ca65ece1a4abfffb73f550a5fc1975f7 img.avia_image{\nbox-shadow:none;\n}\n.avia-image-container.av-k1d8jrfb-ca65ece1a4abfffb73f550a5fc1975f7 .av-image-caption-overlay-center{\ncolor:#ffffff;\n}\n<\/style>\n<div  class='avia-image-container av-k1d8jrfb-ca65ece1a4abfffb73f550a5fc1975f7 av-styling- avia-align-center  avia-builder-el-8  el_before_av_textblock  avia-builder-el-first  av-small-hide av-mini-hide'   itemprop=\"image\" itemscope=\"itemscope\" itemtype=\"https:\/\/schema.org\/ImageObject\" ><div class=\"avia-image-container-inner\"><div class=\"avia-image-overlay-wrap\"><img decoding=\"async\" class='wp-image-1390 avia-img-lazy-loading-not-1390 avia_image ' src=\"https:\/\/balazsivan.hu\/wp-content\/uploads\/2019\/09\/balazsivan-slider.jpg\" alt='' title='Bal\u00e1zs Iv\u00e1n'  height=\"480\" width=\"320\"  itemprop=\"thumbnailUrl\" srcset=\"https:\/\/balazsivan.hu\/wp-content\/uploads\/2019\/09\/balazsivan-slider.jpg 320w, https:\/\/balazsivan.hu\/wp-content\/uploads\/2019\/09\/balazsivan-slider-200x300.jpg 200w\" sizes=\"(max-width: 320px) 100vw, 320px\" \/><\/div><\/div><\/div><br \/>\n<section  class='av_textblock_section av-k1d8oz0r-bb262915b2841992df4d31f3766c754b'  itemscope=\"itemscope\" itemtype=\"https:\/\/schema.org\/CreativeWork\" ><div class='avia_textblock'  itemprop=\"text\" ><h3>My professional calling card:<\/h3>\n<ul>\n<li>Economist,<\/li>\n<li>2004-2021 Sales Manager, UFS Group<\/li>\n<li>Health insurance expert since 2008,<\/li>\n<li>Former member of the Board of the Budapest Chamber of Commerce and Industry and former Chairman of the General Financial Services Department of the BKIK,<\/li>\n<li>Father of 3 wonderful children.<\/li>\n<\/ul>\n<\/div><\/section><\/p><\/div>\n<style type=\"text\/css\" data-created_by=\"avia_inline_auto\" id=\"style-css-av-t04b5-9eaad76df07ebd1363c596ae994e7cbc\">\n.flex_column.av-t04b5-9eaad76df07ebd1363c596ae994e7cbc{\n-webkit-border-radius:0px 0px 0px 0px;\n-moz-border-radius:0px 0px 0px 0px;\nborder-radius:0px 0px 0px 0px;\npadding:0px 0px 0px 0px;\n}\n<\/style>\n<div class='flex_column av-t04b5-9eaad76df07ebd1363c596ae994e7cbc av_two_third  avia-builder-el-10  el_after_av_one_third  el_before_av_one_fourth  flex_column_div av-zero-column-padding '     ><style type=\"text\/css\" data-created_by=\"avia_inline_auto\" id=\"style-css-av-k1hly5zk-84eed5de6f93c4e0e5603b25d2a9cfc7\">\n.avia-timeline-container.av-k1hly5zk-84eed5de6f93c4e0e5603b25d2a9cfc7 .av-milestone-date{\ncolor:#4476a1;\n}\n.avia-timeline-container.av-k1hly5zk-84eed5de6f93c4e0e5603b25d2a9cfc7 .av-milestone-title{\ncolor:#4476a1;\n}\n.avia-timeline-container.av-k1hly5zk-84eed5de6f93c4e0e5603b25d2a9cfc7 .av-milestone-icon-inner{\nbackground-color:#4476a1;\n}\n.avia-timeline-container.av-k1hly5zk-84eed5de6f93c4e0e5603b25d2a9cfc7 .av-milestone-indicator{\nbackground-color:#4476a1;\n}\n.avia-timeline-container.av-k1hly5zk-84eed5de6f93c4e0e5603b25d2a9cfc7 .av-milestone-article-footer{\nbackground-color:#4476a1;\n}\n<\/style>\n<div  id=\"avia-timeline-1\"  class='avia-timeline-container av-k1hly5zk-84eed5de6f93c4e0e5603b25d2a9cfc7 av-slideshow-ui  avia-builder-el-11  avia-builder-el-no-sibling ' ><ul class='avia-timeline avia-timeline-vertical av-milestone-placement-left avia-timeline- avia_animate_when_almost_visible avia-timeline-animate'>\n<li  class='av-milestone av-2z0yx-d3c48a960bb0fab2cd1819deaba262a6 av-animated-generic fade-in av-milestone-valign-baseline av-milestone-odd'><h2 class='av-milestone-date ' id='milestone-up-to-date'><strong>Up-to-date<span class='av-milestone-indicator'><\/span><\/strong><\/h2><div class=\"av-milestone-icon-wrap\"><span class='av-milestone-icon milestone_icon avia-font-entypo-fontello'><span class='av-milestone-icon-inner milestone_inner'><i class='milestone-char' aria-hidden='true' data-av_icon='\ue812' data-av_iconfont='entypo-fontello'><\/i><\/span><\/span><\/div><article class='av-milestone-content-wrap'><div class='av-milestone-contentbox'><div class='av-milestone-content'><p>I have established close cooperation with business professional and HR organizations, so that I have an up-to-date and broad insight in the field of corporate benefits and health insurance programs with preferential taxation in accordance with the current legal regulations.<\/p>\n<\/div><\/div><footer class='av-milestone-article-footer entry-footer'><\/footer><\/article><\/li>\n<li  class='av-milestone av-ij28h-825ba17df1f4cb3647f02b273458eb25 av-animated-generic fade-in av-milestone-valign-baseline av-milestone-even'><h2 class='av-milestone-date ' id='milestone-realistic'><strong>Realistic<span class='av-milestone-indicator'><\/span><\/strong><\/h2><div class=\"av-milestone-icon-wrap\"><span class='av-milestone-icon milestone_icon avia-font-entypo-fontello'><span class='av-milestone-icon-inner milestone_inner'><i class='milestone-char' aria-hidden='true' data-av_icon='\ue812' data-av_iconfont='entypo-fontello'><\/i><\/span><\/span><\/div><article class='av-milestone-content-wrap'><div class='av-milestone-contentbox'><div class='av-milestone-content'><p>I know and understand the inner workings and challenges of the SME and corporate sector from up close. Retaining a good workforce is a cornerstone of a prosperous company. My professional preparation in this field is of significant value to businesses.<\/p>\n<\/div><\/div><footer class='av-milestone-article-footer entry-footer'><\/footer><\/article><\/li>\n<li  class='av-milestone av-fbhqp-e499db501bc2655eb70d3014fd3b5de1 av-animated-generic fade-in av-milestone-valign-baseline av-milestone-odd'><h2 class='av-milestone-date ' id='milestone-unique'><strong>Unique<span class='av-milestone-indicator'><\/span><\/strong><\/h2><div class=\"av-milestone-icon-wrap\"><span class='av-milestone-icon milestone_icon avia-font-entypo-fontello'><span class='av-milestone-icon-inner milestone_inner'><i class='milestone-char' aria-hidden='true' data-av_icon='\ue812' data-av_iconfont='entypo-fontello'><\/i><\/span><\/span><\/div><article class='av-milestone-content-wrap'><div class='av-milestone-contentbox'><div class='av-milestone-content'><p>UniqueWith my help, we can create a unique corporate health program for your company, which can strengthen your employee engagement in the long term and reduce operating costs.<\/p>\n<\/div><\/div><footer class='av-milestone-article-footer entry-footer'><\/footer><\/article><\/li>\n<li  class='av-milestone av-auzyp-71c090df0e8a86c690c7ec0f44cd1600 av-animated-generic fade-in av-milestone-valign-baseline av-milestone-even'><h2 class='av-milestone-date ' id='milestone-wide-range'><strong>Wide range<span class='av-milestone-indicator'><\/span><\/strong><\/h2><div class=\"av-milestone-icon-wrap\"><span class='av-milestone-icon milestone_icon avia-font-entypo-fontello'><span class='av-milestone-icon-inner milestone_inner'><i class='milestone-char' aria-hidden='true' data-av_icon='\ue812' data-av_iconfont='entypo-fontello'><\/i><\/span><\/span><\/div><article class='av-milestone-content-wrap'><div class='av-milestone-contentbox'><div class='av-milestone-content'><p>I also consider it important to underpin my credibility by not selling the products of a particular insurance company, but choosing the most perfect solution for their company from all the health insurance solutions available on the market together with my clients. I am proud that my team and I are responsible for the health care of the majority of 40,000 employees working at more than 100 companies.<\/p>\n<\/div><\/div><footer class='av-milestone-article-footer entry-footer'><\/footer><\/article><\/li>\n<\/ul><\/div><\/div>\n<style type=\"text\/css\" data-created_by=\"avia_inline_auto\" id=\"style-css-av-6eyg7-f07123299823be7e3222d0373364a062\">\n.flex_column.av-6eyg7-f07123299823be7e3222d0373364a062{\n-webkit-border-radius:0px 0px 0px 0px;\n-moz-border-radius:0px 0px 0px 0px;\nborder-radius:0px 0px 0px 0px;\npadding:0px 0px 0px 0px;\n}\n<\/style>\n<div class='flex_column av-6eyg7-f07123299823be7e3222d0373364a062 av_one_fourth  avia-builder-el-12  el_after_av_two_third  el_before_av_one_fourth  first flex_column_div av-zero-column-padding column-top-margin'     ><p>\n<style type=\"text\/css\" data-created_by=\"avia_inline_auto\" id=\"style-css-av-jzk7i2hc-35ef57c2868531f9387ab236225fe129\">\n.av_font_icon.av-jzk7i2hc-35ef57c2868531f9387ab236225fe129{\ncolor:#4476a1;\nborder-color:#4476a1;\n}\n.av_font_icon.av-jzk7i2hc-35ef57c2868531f9387ab236225fe129 .av-icon-char{\nfont-size:40px;\nline-height:40px;\n}\n<\/style>\n<span  class='av_font_icon av-jzk7i2hc-35ef57c2868531f9387ab236225fe129 avia_animate_when_visible av-icon-style- avia-icon-pos-center avia-icon-animate'><a href='mailto:balazs.ivan@ufsgroup.hu'  class='av-icon-char' aria-hidden='true' data-av_icon='\ue805' data-av_iconfont='entypo-fontello' ><\/a><\/span><br \/>\n<section  class='av_textblock_section av-jzk7j3ez-0ab8e10e50f1f14b7443f9c0d0d9fe9d'  itemscope=\"itemscope\" itemtype=\"https:\/\/schema.org\/CreativeWork\" ><div class='avia_textblock'  itemprop=\"text\" ><h4 style=\"text-align: center;\"><a href=\"mailto:balazsivan@balazsivan.hu\">balazsivan@balazsivan.hu<\/a><\/h4>\n<\/div><\/section><\/p><\/div>\n<style type=\"text\/css\" data-created_by=\"avia_inline_auto\" id=\"style-css-av-6eyg7-7-eee3a09311a3470f51ec434a8fe9ff0c\">\n.flex_column.av-6eyg7-7-eee3a09311a3470f51ec434a8fe9ff0c{\n-webkit-border-radius:0px 0px 0px 0px;\n-moz-border-radius:0px 0px 0px 0px;\nborder-radius:0px 0px 0px 0px;\npadding:0px 0px 0px 0px;\n}\n<\/style>\n<div class='flex_column av-6eyg7-7-eee3a09311a3470f51ec434a8fe9ff0c av_one_fourth  avia-builder-el-15  el_after_av_one_fourth  el_before_av_one_fourth  flex_column_div av-zero-column-padding column-top-margin'     ><p>\n<style type=\"text\/css\" data-created_by=\"avia_inline_auto\" id=\"style-css-av-k1b5z0ls-b25f056ed47e3fbf57a5829d54472355\">\n.av_font_icon.av-k1b5z0ls-b25f056ed47e3fbf57a5829d54472355{\ncolor:#4476a1;\nborder-color:#4476a1;\n}\n.av_font_icon.av-k1b5z0ls-b25f056ed47e3fbf57a5829d54472355 .av-icon-char{\nfont-size:40px;\nline-height:40px;\n}\n<\/style>\n<span  class='av_font_icon av-k1b5z0ls-b25f056ed47e3fbf57a5829d54472355 avia_animate_when_visible av-icon-style- avia-icon-pos-center avia-icon-animate'><a href='tel:+36 20 6696 114'  class='av-icon-char' aria-hidden='true' data-av_icon='\ue854' data-av_iconfont='entypo-fontello' ><\/a><\/span><br \/>\n<section  class='av_textblock_section av-k1b62uop-0a109f3a318b0596ce23da516bfb2382'  itemscope=\"itemscope\" itemtype=\"https:\/\/schema.org\/CreativeWork\" ><div class='avia_textblock'  itemprop=\"text\" ><h4 style=\"text-align: center;\"><a href=\"tel:+36%2020%206696%20114\">+36 20 669 6114<\/a><\/h4>\n<\/div><\/section><\/p><\/div>\n<style type=\"text\/css\" data-created_by=\"avia_inline_auto\" id=\"style-css-av-6eyg7-6-da46296ef63c7e2187e6c40dd18d3ea1\">\n.flex_column.av-6eyg7-6-da46296ef63c7e2187e6c40dd18d3ea1{\n-webkit-border-radius:0px 0px 0px 0px;\n-moz-border-radius:0px 0px 0px 0px;\nborder-radius:0px 0px 0px 0px;\npadding:0px 0px 0px 0px;\n}\n<\/style>\n<div class='flex_column av-6eyg7-6-da46296ef63c7e2187e6c40dd18d3ea1 av_one_fourth  avia-builder-el-18  el_after_av_one_fourth  el_before_av_one_fourth  flex_column_div av-zero-column-padding column-top-margin'     ><p>\n<style type=\"text\/css\" data-created_by=\"avia_inline_auto\" id=\"style-css-av-k1b5z0ls-5-67ad2adb5ec6dcf67bb067dfb73d2c6f\">\n.av_font_icon.av-k1b5z0ls-5-67ad2adb5ec6dcf67bb067dfb73d2c6f{\ncolor:#4476a1;\nborder-color:#4476a1;\n}\n.av_font_icon.av-k1b5z0ls-5-67ad2adb5ec6dcf67bb067dfb73d2c6f .av-icon-char{\nfont-size:40px;\nline-height:40px;\n}\n<\/style>\n<span  class='av_font_icon av-k1b5z0ls-5-67ad2adb5ec6dcf67bb067dfb73d2c6f avia_animate_when_visible av-icon-style- avia-icon-pos-center avia-icon-animate'><a href='https:\/\/www.facebook.com\/balazsivan0\/' target=\"_blank\" rel=\"noopener noreferrer\" class='av-icon-char' aria-hidden='true' data-av_icon='\ue8f5' data-av_iconfont='entypo-fontello'><\/a><\/span><br \/>\n<section  class='av_textblock_section av-k1b62uop-4-c93f2f5fc57bf887c75e57c2296a3218'  itemscope=\"itemscope\" itemtype=\"https:\/\/schema.org\/CreativeWork\" ><div class='avia_textblock'  itemprop=\"text\" ><h4 style=\"text-align: center;\"><a href=\"https:\/\/www.facebook.com\/balazsivan0\/\" target=\"_blank\" rel=\"noopener\">Facebook<\/a><\/h4>\n<\/div><\/section><\/p><\/div>\n<style type=\"text\/css\" data-created_by=\"avia_inline_auto\" id=\"style-css-av-6eyg7-3-552238805fad37793e1b4e71a5b79272\">\n.flex_column.av-6eyg7-3-552238805fad37793e1b4e71a5b79272{\n-webkit-border-radius:0px 0px 0px 0px;\n-moz-border-radius:0px 0px 0px 0px;\nborder-radius:0px 0px 0px 0px;\npadding:0px 0px 0px 0px;\n}\n<\/style>\n<div class='flex_column av-6eyg7-3-552238805fad37793e1b4e71a5b79272 av_one_fourth  avia-builder-el-21  el_after_av_one_fourth  avia-builder-el-last  flex_column_div av-zero-column-padding column-top-margin'     ><p>\n<style type=\"text\/css\" data-created_by=\"avia_inline_auto\" id=\"style-css-av-k1b5z0ls-2-84c192b6e47e22082f24221a231e8d68\">\n.av_font_icon.av-k1b5z0ls-2-84c192b6e47e22082f24221a231e8d68{\ncolor:#4476a1;\nborder-color:#4476a1;\n}\n.av_font_icon.av-k1b5z0ls-2-84c192b6e47e22082f24221a231e8d68 .av-icon-char{\nfont-size:40px;\nline-height:40px;\n}\n<\/style>\n<span  class='av_font_icon av-k1b5z0ls-2-84c192b6e47e22082f24221a231e8d68 avia_animate_when_visible av-icon-style- avia-icon-pos-center avia-icon-animate'><a href='https:\/\/www.linkedin.com\/in\/bal%C3%A1zs-iv%C3%A1n-ab273a85\/ ' target=\"_blank\" rel=\"noopener noreferrer\" class='av-icon-char' aria-hidden='true' data-av_icon='\ue8fd' data-av_iconfont='entypo-fontello'><\/a><\/span><br \/>\n<section  class='av_textblock_section av-k1b62uop-1-56cf1e02082011bc2c14b92af85ef2ad'  itemscope=\"itemscope\" itemtype=\"https:\/\/schema.org\/CreativeWork\" ><div class='avia_textblock'  itemprop=\"text\" ><h4 style=\"text-align: center;\"><a href=\"https:\/\/www.linkedin.com\/in\/bal%C3%A1zs-iv%C3%A1n-ab273a85\/\" target=\"_blank\" rel=\"noopener\">Linkedin<\/a><\/h4>\n<\/div><\/section><\/p><\/div><\/div><\/div><\/div><!-- close content main div --><\/div><\/div><div id='after_section_2'  class='main_color av_default_container_wrap container_wrap sidebar_right'  ><div class='container av-section-cont-open' ><div class='template-page content  av-content-small alpha units'><div class='post-entry post-entry-type-page post-entry-1591'><div class='entry-content-wrapper clearfix'>\n","protected":false},"excerpt":{"rendered":"","protected":false},"author":1,"featured_media":0,"parent":0,"menu_order":0,"comment_status":"closed","ping_status":"closed","template":"","meta":[],"yoast_head":"<!-- This site is optimized with the Yoast SEO plugin v20.6 - https:\/\/yoast.com\/wordpress\/plugins\/seo\/ -->\n<title>Iv\u00e1n Bal\u00e1zs - Bal\u00e1zs Iv\u00e1n - V\u00e1llalati eg\u00e9szs\u00e9gbiztos\u00edt\u00e1si szak\u00e9rt\u0151<\/title>\n<meta name=\"robots\" content=\"index, follow, max-snippet:-1, max-image-preview:large, max-video-preview:-1\" \/>\n<link rel=\"canonical\" href=\"http:\/\/balazsivan.hu\/en\/ivan-balazs\/\" \/>\n<meta property=\"og:locale\" content=\"en_US\" \/>\n<meta property=\"og:type\" content=\"article\" \/>\n<meta property=\"og:title\" content=\"Iv\u00e1n Bal\u00e1zs - Bal\u00e1zs Iv\u00e1n - V\u00e1llalati eg\u00e9szs\u00e9gbiztos\u00edt\u00e1si szak\u00e9rt\u0151\" \/>\n<meta property=\"og:url\" content=\"http:\/\/balazsivan.hu\/en\/ivan-balazs\/\" \/>\n<meta property=\"og:site_name\" content=\"Bal\u00e1zs Iv\u00e1n - V\u00e1llalati eg\u00e9szs\u00e9gbiztos\u00edt\u00e1si szak\u00e9rt\u0151\" \/>\n<meta property=\"article:publisher\" content=\"https:\/\/www.facebook.com\/balazsivan0\" \/>\n<meta property=\"article:modified_time\" content=\"2023-07-13T08:40:08+00:00\" \/>\n<meta name=\"twitter:card\" content=\"summary_large_image\" \/>\n<meta name=\"twitter:label1\" content=\"Est. reading time\" \/>\n\t<meta name=\"twitter:data1\" content=\"6 minutes\" \/>\n<script type=\"application\/ld+json\" class=\"yoast-schema-graph\">{\"@context\":\"https:\/\/schema.org\",\"@graph\":[{\"@type\":\"WebPage\",\"@id\":\"http:\/\/balazsivan.hu\/en\/ivan-balazs\/\",\"url\":\"http:\/\/balazsivan.hu\/en\/ivan-balazs\/\",\"name\":\"Iv\u00e1n Bal\u00e1zs - Bal\u00e1zs Iv\u00e1n - V\u00e1llalati eg\u00e9szs\u00e9gbiztos\u00edt\u00e1si szak\u00e9rt\u0151\",\"isPartOf\":{\"@id\":\"https:\/\/balazsivan.hu\/en\/#website\"},\"datePublished\":\"2019-10-05T07:37:35+00:00\",\"dateModified\":\"2023-07-13T08:40:08+00:00\",\"breadcrumb\":{\"@id\":\"http:\/\/balazsivan.hu\/en\/ivan-balazs\/#breadcrumb\"},\"inLanguage\":\"en-US\",\"potentialAction\":[{\"@type\":\"ReadAction\",\"target\":[\"http:\/\/balazsivan.hu\/en\/ivan-balazs\/\"]}]},{\"@type\":\"BreadcrumbList\",\"@id\":\"http:\/\/balazsivan.hu\/en\/ivan-balazs\/#breadcrumb\",\"itemListElement\":[{\"@type\":\"ListItem\",\"position\":1,\"name\":\"Home\",\"item\":\"https:\/\/balazsivan.hu\/en\/\"},{\"@type\":\"ListItem\",\"position\":2,\"name\":\"Iv\u00e1n Bal\u00e1zs\"}]},{\"@type\":\"WebSite\",\"@id\":\"https:\/\/balazsivan.hu\/en\/#website\",\"url\":\"https:\/\/balazsivan.hu\/en\/\",\"name\":\"Bal\u00e1zs Iv\u00e1n - V\u00e1llalati eg\u00e9szs\u00e9gbiztos\u00edt\u00e1si szak\u00e9rt\u0151\",\"description\":\"V\u00e1llalati eg\u00e9szs\u00e9gbiztos\u00edt\u00e1si szak\u00e9rt\u0151\",\"potentialAction\":[{\"@type\":\"SearchAction\",\"target\":{\"@type\":\"EntryPoint\",\"urlTemplate\":\"https:\/\/balazsivan.hu\/en\/?s={search_term_string}\"},\"query-input\":\"required name=search_term_string\"}],\"inLanguage\":\"en-US\"}]}<\/script>\n<!-- \/ Yoast SEO plugin. -->","yoast_head_json":{"title":"Iv\u00e1n Bal\u00e1zs - Bal\u00e1zs Iv\u00e1n - V\u00e1llalati eg\u00e9szs\u00e9gbiztos\u00edt\u00e1si szak\u00e9rt\u0151","robots":{"index":"index","follow":"follow","max-snippet":"max-snippet:-1","max-image-preview":"max-image-preview:large","max-video-preview":"max-video-preview:-1"},"canonical":"http:\/\/balazsivan.hu\/en\/ivan-balazs\/","og_locale":"en_US","og_type":"article","og_title":"Iv\u00e1n Bal\u00e1zs - Bal\u00e1zs Iv\u00e1n - V\u00e1llalati eg\u00e9szs\u00e9gbiztos\u00edt\u00e1si szak\u00e9rt\u0151","og_url":"http:\/\/balazsivan.hu\/en\/ivan-balazs\/","og_site_name":"Bal\u00e1zs Iv\u00e1n - V\u00e1llalati eg\u00e9szs\u00e9gbiztos\u00edt\u00e1si szak\u00e9rt\u0151","article_publisher":"https:\/\/www.facebook.com\/balazsivan0","article_modified_time":"2023-07-13T08:40:08+00:00","twitter_card":"summary_large_image","twitter_misc":{"Est. reading time":"6 minutes"},"schema":{"@context":"https:\/\/schema.org","@graph":[{"@type":"WebPage","@id":"http:\/\/balazsivan.hu\/en\/ivan-balazs\/","url":"http:\/\/balazsivan.hu\/en\/ivan-balazs\/","name":"Iv\u00e1n Bal\u00e1zs - Bal\u00e1zs Iv\u00e1n - V\u00e1llalati eg\u00e9szs\u00e9gbiztos\u00edt\u00e1si szak\u00e9rt\u0151","isPartOf":{"@id":"https:\/\/balazsivan.hu\/en\/#website"},"datePublished":"2019-10-05T07:37:35+00:00","dateModified":"2023-07-13T08:40:08+00:00","breadcrumb":{"@id":"http:\/\/balazsivan.hu\/en\/ivan-balazs\/#breadcrumb"},"inLanguage":"en-US","potentialAction":[{"@type":"ReadAction","target":["http:\/\/balazsivan.hu\/en\/ivan-balazs\/"]}]},{"@type":"BreadcrumbList","@id":"http:\/\/balazsivan.hu\/en\/ivan-balazs\/#breadcrumb","itemListElement":[{"@type":"ListItem","position":1,"name":"Home","item":"https:\/\/balazsivan.hu\/en\/"},{"@type":"ListItem","position":2,"name":"Iv\u00e1n Bal\u00e1zs"}]},{"@type":"WebSite","@id":"https:\/\/balazsivan.hu\/en\/#website","url":"https:\/\/balazsivan.hu\/en\/","name":"Bal\u00e1zs Iv\u00e1n - V\u00e1llalati eg\u00e9szs\u00e9gbiztos\u00edt\u00e1si szak\u00e9rt\u0151","description":"V\u00e1llalati eg\u00e9szs\u00e9gbiztos\u00edt\u00e1si szak\u00e9rt\u0151","potentialAction":[{"@type":"SearchAction","target":{"@type":"EntryPoint","urlTemplate":"https:\/\/balazsivan.hu\/en\/?s={search_term_string}"},"query-input":"required name=search_term_string"}],"inLanguage":"en-US"}]}},"_links":{"self":[{"href":"https:\/\/balazsivan.hu\/en\/wp-json\/wp\/v2\/pages\/1591"}],"collection":[{"href":"https:\/\/balazsivan.hu\/en\/wp-json\/wp\/v2\/pages"}],"about":[{"href":"https:\/\/balazsivan.hu\/en\/wp-json\/wp\/v2\/types\/page"}],"author":[{"embeddable":true,"href":"https:\/\/balazsivan.hu\/en\/wp-json\/wp\/v2\/users\/1"}],"replies":[{"embeddable":true,"href":"https:\/\/balazsivan.hu\/en\/wp-json\/wp\/v2\/comments?post=1591"}],"version-history":[{"count":9,"href":"https:\/\/balazsivan.hu\/en\/wp-json\/wp\/v2\/pages\/1591\/revisions"}],"predecessor-version":[{"id":1969,"href":"https:\/\/balazsivan.hu\/en\/wp-json\/wp\/v2\/pages\/1591\/revisions\/1969"}],"wp:attachment":[{"href":"https:\/\/balazsivan.hu\/en\/wp-json\/wp\/v2\/media?parent=1591"}],"curies":[{"name":"wp","href":"https:\/\/api.w.org\/{rel}","templated":true}]}}