{"id":1588,"date":"2019-08-15T13:53:39","date_gmt":"2019-08-15T13:53:39","guid":{"rendered":"https:\/\/balazsivan.hu\/szolgaltatasok\/"},"modified":"2023-02-28T17:06:49","modified_gmt":"2023-02-28T17:06:49","slug":"services","status":"publish","type":"page","link":"http:\/\/balazsivan.hu\/en\/services\/","title":{"rendered":"Services"},"content":{"rendered":"<div id='av_section_1'  class='avia-section av-32rlh-a444660f272ae6ef67fb4e3077b94d55 main_color avia-section-default avia-no-border-styling  avia-builder-el-0  avia-builder-el-no-sibling  aloldal-hero sitewide-hero avia-bg-style-scroll container_wrap sidebar_right'  ><div class='container av-section-cont-open' ><main  role=\"main\" itemprop=\"mainContentOfPage\"  class='template-page content  av-content-small alpha units'><div class='post-entry post-entry-type-page post-entry-1588'><div class='entry-content-wrapper clearfix'>\n\n<style type=\"text\/css\" data-created_by=\"avia_inline_auto\" id=\"style-css-av-2sl5t-fefee8f960065d020a7a287c61f9d5b9\">\n.flex_column.av-2sl5t-fefee8f960065d020a7a287c61f9d5b9{\n-webkit-border-radius:0px 0px 0px 0px;\n-moz-border-radius:0px 0px 0px 0px;\nborder-radius:0px 0px 0px 0px;\npadding:0px 0px 0px 0px;\n}\n<\/style>\n<div class='flex_column av-2sl5t-fefee8f960065d020a7a287c61f9d5b9 av_one_full  avia-builder-el-1  el_before_av_one_full  avia-builder-el-first  first flex_column_div av-zero-column-padding '     ><section  class='av_textblock_section av-jzk6sjba-eadaf888441b36f832481c41ab5042b1'  itemscope=\"itemscope\" itemtype=\"https:\/\/schema.org\/CreativeWork\" ><div class='avia_textblock'  itemprop=\"text\" ><h1 style=\"text-align: center;\">SERVICES<\/h1>\n<\/div><\/section><\/div>\n<style type=\"text\/css\" data-created_by=\"avia_inline_auto\" id=\"style-css-av-1i899-f19bd74c9943bda13c40d842bed1f710\">\n.flex_column.av-1i899-f19bd74c9943bda13c40d842bed1f710{\n-webkit-border-radius:0px 0px 0px 0px;\n-moz-border-radius:0px 0px 0px 0px;\nborder-radius:0px 0px 0px 0px;\npadding:0px 0px 0px 0px;\n}\n<\/style>\n<div class='flex_column av-1i899-f19bd74c9943bda13c40d842bed1f710 av_one_full  avia-builder-el-3  el_after_av_one_full  avia-builder-el-last  first flex_column_div av-zero-column-padding column-top-margin'     ><p><div id='av-masonry-1' class='av-masonry av-14x61-aee511e443b6907472b0b0ba56eed5ec noHover av-fixed-size av-large-gap av-hover-overlay-active av-masonry-animation-active av-masonry-col-3 av-caption-always av-caption-style-overlay av-masonry-entries av-small-columns-overwrite av-small-columns-1 '><div class=\"av-masonry-container isotope av-js-disabled\"><div class='av-masonry-entry isotope-item av-masonry-item-no-image '><\/div><a href=\"https:\/\/balazsivan.hu\/en\/portfolio-item\/health-insurance-advice\/\"  id='av-masonry-1-item-1617' data-av-masonry-item='1617' class='av-masonry-entry isotope-item post-1617 portfolio type-portfolio status-publish has-post-thumbnail hentry portfolio_entries-health-insurance-advice  av-masonry-item-with-image av-grid-img' title=\"Eg\u00e9szs\u00e9gbiztos\u00edt\u00e1si tan\u00e1csad\u00e1s\"   itemscope=\"itemscope\" itemtype=\"https:\/\/schema.org\/CreativeWork\" ><div class='av-inner-masonry-sizer'><\/div><figure class='av-inner-masonry main_color'><div class=\"av-masonry-outerimage-container\"><div class='av-masonry-image-container' style=\"background-image: url(https:\/\/balazsivan.hu\/wp-content\/uploads\/2019\/09\/balazsivan-stck6.jpg);\"  title=\"Eg\u00e9szs\u00e9gbiztos\u00edt\u00e1si tan\u00e1csad\u00e1s\"  ><\/div><\/div><figcaption class='av-inner-masonry-content site-background'><div class='av-inner-masonry-content-pos'><div class='av-inner-masonry-content-pos-content'><div class='avia-arrow'><\/div><h3 class='av-masonry-entry-title entry-title '  itemprop=\"headline\" >Health insurance advice<\/h3><\/div><\/div><\/figcaption><\/figure><\/a><!--end av-masonry entry--><a href=\"https:\/\/balazsivan.hu\/en\/portfolio-item\/individual-screening-packages\/\"  id='av-masonry-1-item-1620' data-av-masonry-item='1620' class='av-masonry-entry isotope-item post-1620 portfolio type-portfolio status-publish has-post-thumbnail hentry portfolio_entries-individual-screening-packages  av-masonry-item-with-image av-grid-img' title=\"Egyedi sz\u0171r\u0151csomagok ad\u00f3mentesen\"   itemscope=\"itemscope\" itemtype=\"https:\/\/schema.org\/CreativeWork\" ><div class='av-inner-masonry-sizer'><\/div><figure class='av-inner-masonry main_color'><div class=\"av-masonry-outerimage-container\"><div class='av-masonry-image-container' style=\"background-image: url(https:\/\/balazsivan.hu\/wp-content\/uploads\/2019\/09\/balazsivan-stck3.jpg);\"  title=\"Egyedi sz\u0171r\u0151csomagok ad\u00f3mentesen\"  ><\/div><\/div><figcaption class='av-inner-masonry-content site-background'><div class='av-inner-masonry-content-pos'><div class='av-inner-masonry-content-pos-content'><div class='avia-arrow'><\/div><h3 class='av-masonry-entry-title entry-title '  itemprop=\"headline\" >Individual screening packages<\/h3><\/div><\/div><\/figcaption><\/figure><\/a><!--end av-masonry entry--><a href=\"https:\/\/balazsivan.hu\/en\/portfolio-item\/other-company-benefits\/\"  id='av-masonry-1-item-1625' data-av-masonry-item='1625' class='av-masonry-entry isotope-item post-1625 portfolio type-portfolio status-publish has-post-thumbnail hentry portfolio_entries-other-company-benefits  av-masonry-item-with-image av-grid-img' title=\"Egy\u00e9b v\u00e1llalati juttat\u00e1sok\"   itemscope=\"itemscope\" itemtype=\"https:\/\/schema.org\/CreativeWork\" ><div class='av-inner-masonry-sizer'><\/div><figure class='av-inner-masonry main_color'><div class=\"av-masonry-outerimage-container\"><div class='av-masonry-image-container' style=\"background-image: url(https:\/\/balazsivan.hu\/wp-content\/uploads\/2019\/09\/balazsivan-stck7.jpg);\"  title=\"Egy\u00e9b v\u00e1llalati juttat\u00e1sok\"  ><\/div><\/div><figcaption class='av-inner-masonry-content site-background'><div class='av-inner-masonry-content-pos'><div class='av-inner-masonry-content-pos-content'><div class='avia-arrow'><\/div><h3 class='av-masonry-entry-title entry-title '  itemprop=\"headline\" >Other company benefits<\/h3><\/div><\/div><\/figcaption><\/figure><\/a><!--end av-masonry entry--><\/div><\/div><br \/>\n<div id='av-masonry-2' class='av-masonry av-14x61-82635c39b3424d4236170a36482b8698 noHover av-fixed-size av-large-gap av-hover-overlay-active av-masonry-animation-active av-masonry-col-3 av-caption-always av-caption-style-overlay av-masonry-entries av-small-columns-overwrite av-small-columns-1 '><div class=\"av-masonry-container isotope av-js-disabled\"><div class='av-masonry-entry isotope-item av-masonry-item-no-image '><\/div><a href=\"https:\/\/balazsivan.hu\/en\/portfolio-item\/wellbeing-corporate-health-programs\/\"  id='av-masonry-2-item-1622' data-av-masonry-item='1622' class='av-masonry-entry isotope-item post-1622 portfolio type-portfolio status-publish has-post-thumbnail hentry portfolio_entries-wellbeing-corporate-health-programs  av-masonry-item-with-image av-grid-img' title=\"V\u00e1llalati eg\u00e9szs\u00e9gprogramok\"   itemscope=\"itemscope\" itemtype=\"https:\/\/schema.org\/CreativeWork\" ><div class='av-inner-masonry-sizer'><\/div><figure class='av-inner-masonry main_color'><div class=\"av-masonry-outerimage-container\"><div class='av-masonry-image-container' style=\"background-image: url(https:\/\/balazsivan.hu\/wp-content\/uploads\/2019\/09\/vallalati-egeszsegprogramok2.jpg);\"  title=\"V\u00e1llalati eg\u00e9szs\u00e9gprogramok\"  ><\/div><\/div><figcaption class='av-inner-masonry-content site-background'><div class='av-inner-masonry-content-pos'><div class='av-inner-masonry-content-pos-content'><div class='avia-arrow'><\/div><h3 class='av-masonry-entry-title entry-title '  itemprop=\"headline\" >Wellbeing &#8211; corporate health programs<\/h3><\/div><\/div><\/figcaption><\/figure><\/a><!--end av-masonry entry--><a href=\"https:\/\/balazsivan.hu\/en\/portfolio-item\/private-finance-solutions\/\"  id='av-masonry-2-item-1613' data-av-masonry-item='1613' class='av-masonry-entry isotope-item post-1613 portfolio type-portfolio status-publish has-post-thumbnail hentry portfolio_entries-private-finance-solutions  av-masonry-item-with-image av-grid-img' title=\"Mag\u00e1np\u00e9nz\u00fcgyi megold\u00e1sok\"   itemscope=\"itemscope\" itemtype=\"https:\/\/schema.org\/CreativeWork\" ><div class='av-inner-masonry-sizer'><\/div><figure class='av-inner-masonry main_color'><div class=\"av-masonry-outerimage-container\"><div class='av-masonry-image-container' style=\"background-image: url(https:\/\/balazsivan.hu\/wp-content\/uploads\/2019\/09\/balazsivan-stck4.jpg);\"  title=\"Mag\u00e1np\u00e9nz\u00fcgyi megold\u00e1sok\"  ><\/div><\/div><figcaption class='av-inner-masonry-content site-background'><div class='av-inner-masonry-content-pos'><div class='av-inner-masonry-content-pos-content'><div class='avia-arrow'><\/div><h3 class='av-masonry-entry-title entry-title '  itemprop=\"headline\" >Private Finance Solutions<\/h3><\/div><\/div><\/figcaption><\/figure><\/a><!--end av-masonry entry--><a href=\"https:\/\/balazsivan.hu\/en\/portfolio-item\/about-self-care-in-an-understandable-way-lectures\/\"  id='av-masonry-2-item-1615' data-av-masonry-item='1615' class='av-masonry-entry isotope-item post-1615 portfolio type-portfolio status-publish has-post-thumbnail hentry portfolio_entries-about-self-care-in-an-understandable-way-lectures  av-masonry-item-with-image av-grid-img' title=\"\u00d6ngondoskod\u00e1sr\u00f3l \u00e9rthet\u0151en\"   itemscope=\"itemscope\" itemtype=\"https:\/\/schema.org\/CreativeWork\" ><div class='av-inner-masonry-sizer'><\/div><figure class='av-inner-masonry main_color'><div class=\"av-masonry-outerimage-container\"><div class='av-masonry-image-container' style=\"background-image: url(https:\/\/balazsivan.hu\/wp-content\/uploads\/2019\/09\/balazsivan-stck5.jpg);\"  title=\"\u00d6ngondoskod\u00e1sr\u00f3l \u00e9rthet\u0151en\"  ><\/div><\/div><figcaption class='av-inner-masonry-content site-background'><div class='av-inner-masonry-content-pos'><div class='av-inner-masonry-content-pos-content'><div class='avia-arrow'><\/div><h3 class='av-masonry-entry-title entry-title '  itemprop=\"headline\" >About self-care in an understandable way \u2013 lectures<\/h3><\/div><\/div><\/figcaption><\/figure><\/a><!--end av-masonry entry--><\/div><\/div><\/p><\/div><\/div><\/div><\/main><!-- close content main element --><\/div><\/div><div id='after_section_1'  class='main_color av_default_container_wrap container_wrap sidebar_right'  ><div class='container av-section-cont-open' ><div class='template-page content  av-content-small alpha units'><div class='post-entry post-entry-type-page post-entry-1588'><div class='entry-content-wrapper clearfix'>\n","protected":false},"excerpt":{"rendered":"","protected":false},"author":1,"featured_media":0,"parent":0,"menu_order":0,"comment_status":"closed","ping_status":"closed","template":"","meta":[],"yoast_head":"<!-- This site is optimized with the Yoast SEO plugin v20.6 - https:\/\/yoast.com\/wordpress\/plugins\/seo\/ -->\n<title>Services - Bal\u00e1zs Iv\u00e1n - V\u00e1llalati eg\u00e9szs\u00e9gbiztos\u00edt\u00e1si szak\u00e9rt\u0151<\/title>\n<meta name=\"robots\" content=\"index, follow, max-snippet:-1, max-image-preview:large, max-video-preview:-1\" \/>\n<link rel=\"canonical\" href=\"http:\/\/balazsivan.hu\/en\/services\/\" \/>\n<meta property=\"og:locale\" content=\"en_US\" \/>\n<meta property=\"og:type\" content=\"article\" \/>\n<meta property=\"og:title\" content=\"Services - Bal\u00e1zs Iv\u00e1n - V\u00e1llalati eg\u00e9szs\u00e9gbiztos\u00edt\u00e1si szak\u00e9rt\u0151\" \/>\n<meta property=\"og:url\" content=\"http:\/\/balazsivan.hu\/en\/services\/\" \/>\n<meta property=\"og:site_name\" content=\"Bal\u00e1zs Iv\u00e1n - V\u00e1llalati eg\u00e9szs\u00e9gbiztos\u00edt\u00e1si szak\u00e9rt\u0151\" \/>\n<meta property=\"article:publisher\" content=\"https:\/\/www.facebook.com\/balazsivan0\" \/>\n<meta property=\"article:modified_time\" content=\"2023-02-28T17:06:49+00:00\" \/>\n<meta name=\"twitter:card\" content=\"summary_large_image\" \/>\n<meta name=\"twitter:label1\" content=\"Est. reading time\" \/>\n\t<meta name=\"twitter:data1\" content=\"2 minutes\" \/>\n<script type=\"application\/ld+json\" class=\"yoast-schema-graph\">{\"@context\":\"https:\/\/schema.org\",\"@graph\":[{\"@type\":\"WebPage\",\"@id\":\"http:\/\/balazsivan.hu\/en\/services\/\",\"url\":\"http:\/\/balazsivan.hu\/en\/services\/\",\"name\":\"Services - Bal\u00e1zs Iv\u00e1n - V\u00e1llalati eg\u00e9szs\u00e9gbiztos\u00edt\u00e1si szak\u00e9rt\u0151\",\"isPartOf\":{\"@id\":\"https:\/\/balazsivan.hu\/en\/#website\"},\"datePublished\":\"2019-08-15T13:53:39+00:00\",\"dateModified\":\"2023-02-28T17:06:49+00:00\",\"breadcrumb\":{\"@id\":\"http:\/\/balazsivan.hu\/en\/services\/#breadcrumb\"},\"inLanguage\":\"en-US\",\"potentialAction\":[{\"@type\":\"ReadAction\",\"target\":[\"http:\/\/balazsivan.hu\/en\/services\/\"]}]},{\"@type\":\"BreadcrumbList\",\"@id\":\"http:\/\/balazsivan.hu\/en\/services\/#breadcrumb\",\"itemListElement\":[{\"@type\":\"ListItem\",\"position\":1,\"name\":\"Home\",\"item\":\"https:\/\/balazsivan.hu\/en\/\"},{\"@type\":\"ListItem\",\"position\":2,\"name\":\"Services\"}]},{\"@type\":\"WebSite\",\"@id\":\"https:\/\/balazsivan.hu\/en\/#website\",\"url\":\"https:\/\/balazsivan.hu\/en\/\",\"name\":\"Bal\u00e1zs Iv\u00e1n - V\u00e1llalati eg\u00e9szs\u00e9gbiztos\u00edt\u00e1si szak\u00e9rt\u0151\",\"description\":\"V\u00e1llalati eg\u00e9szs\u00e9gbiztos\u00edt\u00e1si szak\u00e9rt\u0151\",\"potentialAction\":[{\"@type\":\"SearchAction\",\"target\":{\"@type\":\"EntryPoint\",\"urlTemplate\":\"https:\/\/balazsivan.hu\/en\/?s={search_term_string}\"},\"query-input\":\"required name=search_term_string\"}],\"inLanguage\":\"en-US\"}]}<\/script>\n<!-- \/ Yoast SEO plugin. -->","yoast_head_json":{"title":"Services - Bal\u00e1zs Iv\u00e1n - V\u00e1llalati eg\u00e9szs\u00e9gbiztos\u00edt\u00e1si szak\u00e9rt\u0151","robots":{"index":"index","follow":"follow","max-snippet":"max-snippet:-1","max-image-preview":"max-image-preview:large","max-video-preview":"max-video-preview:-1"},"canonical":"http:\/\/balazsivan.hu\/en\/services\/","og_locale":"en_US","og_type":"article","og_title":"Services - Bal\u00e1zs Iv\u00e1n - V\u00e1llalati eg\u00e9szs\u00e9gbiztos\u00edt\u00e1si szak\u00e9rt\u0151","og_url":"http:\/\/balazsivan.hu\/en\/services\/","og_site_name":"Bal\u00e1zs Iv\u00e1n - V\u00e1llalati eg\u00e9szs\u00e9gbiztos\u00edt\u00e1si szak\u00e9rt\u0151","article_publisher":"https:\/\/www.facebook.com\/balazsivan0","article_modified_time":"2023-02-28T17:06:49+00:00","twitter_card":"summary_large_image","twitter_misc":{"Est. reading time":"2 minutes"},"schema":{"@context":"https:\/\/schema.org","@graph":[{"@type":"WebPage","@id":"http:\/\/balazsivan.hu\/en\/services\/","url":"http:\/\/balazsivan.hu\/en\/services\/","name":"Services - Bal\u00e1zs Iv\u00e1n - V\u00e1llalati eg\u00e9szs\u00e9gbiztos\u00edt\u00e1si szak\u00e9rt\u0151","isPartOf":{"@id":"https:\/\/balazsivan.hu\/en\/#website"},"datePublished":"2019-08-15T13:53:39+00:00","dateModified":"2023-02-28T17:06:49+00:00","breadcrumb":{"@id":"http:\/\/balazsivan.hu\/en\/services\/#breadcrumb"},"inLanguage":"en-US","potentialAction":[{"@type":"ReadAction","target":["http:\/\/balazsivan.hu\/en\/services\/"]}]},{"@type":"BreadcrumbList","@id":"http:\/\/balazsivan.hu\/en\/services\/#breadcrumb","itemListElement":[{"@type":"ListItem","position":1,"name":"Home","item":"https:\/\/balazsivan.hu\/en\/"},{"@type":"ListItem","position":2,"name":"Services"}]},{"@type":"WebSite","@id":"https:\/\/balazsivan.hu\/en\/#website","url":"https:\/\/balazsivan.hu\/en\/","name":"Bal\u00e1zs Iv\u00e1n - V\u00e1llalati eg\u00e9szs\u00e9gbiztos\u00edt\u00e1si szak\u00e9rt\u0151","description":"V\u00e1llalati eg\u00e9szs\u00e9gbiztos\u00edt\u00e1si szak\u00e9rt\u0151","potentialAction":[{"@type":"SearchAction","target":{"@type":"EntryPoint","urlTemplate":"https:\/\/balazsivan.hu\/en\/?s={search_term_string}"},"query-input":"required name=search_term_string"}],"inLanguage":"en-US"}]}},"_links":{"self":[{"href":"https:\/\/balazsivan.hu\/en\/wp-json\/wp\/v2\/pages\/1588"}],"collection":[{"href":"https:\/\/balazsivan.hu\/en\/wp-json\/wp\/v2\/pages"}],"about":[{"href":"https:\/\/balazsivan.hu\/en\/wp-json\/wp\/v2\/types\/page"}],"author":[{"embeddable":true,"href":"https:\/\/balazsivan.hu\/en\/wp-json\/wp\/v2\/users\/1"}],"replies":[{"embeddable":true,"href":"https:\/\/balazsivan.hu\/en\/wp-json\/wp\/v2\/comments?post=1588"}],"version-history":[{"count":4,"href":"https:\/\/balazsivan.hu\/en\/wp-json\/wp\/v2\/pages\/1588\/revisions"}],"predecessor-version":[{"id":1691,"href":"https:\/\/balazsivan.hu\/en\/wp-json\/wp\/v2\/pages\/1588\/revisions\/1691"}],"wp:attachment":[{"href":"https:\/\/balazsivan.hu\/en\/wp-json\/wp\/v2\/media?parent=1588"}],"curies":[{"name":"wp","href":"https:\/\/api.w.org\/{rel}","templated":true}]}}