{"id":1584,"date":"2019-08-15T14:44:36","date_gmt":"2019-08-15T14:44:36","guid":{"rendered":"https:\/\/balazsivan.hu\/hogyan-dolgozunk\/"},"modified":"2023-02-28T17:01:45","modified_gmt":"2023-02-28T17:01:45","slug":"how-we-work","status":"publish","type":"page","link":"http:\/\/balazsivan.hu\/en\/how-we-work\/","title":{"rendered":"How we work"},"content":{"rendered":"<div id='av_section_1'  class='avia-section av-jzk1d8kl-b0143d86c6a57fcd242cc4ddc8377421 alternate_color avia-section-default avia-no-border-styling  avia-builder-el-0  el_before_av_section  avia-builder-el-first  aloldal-hero sitewide-hero avia-bg-style-scroll av-minimum-height av-minimum-height-50  container_wrap sidebar_right'   data-av_minimum_height_pc='50'><div class='container av-section-cont-open' ><main  role=\"main\" itemprop=\"mainContentOfPage\"  class='template-page content  av-content-small alpha units'><div class='post-entry post-entry-type-page post-entry-1584'><div class='entry-content-wrapper clearfix'>\n<div class='flex_column_table av-jzk1xn6m-0eb201ad3e3ee772b7185e756b5e1dd7 sc-av_one_half av-break-at-tablet-flextable av-equal-height-column-flextable'>\n<style type=\"text\/css\" data-created_by=\"avia_inline_auto\" id=\"style-css-av-jzk1xn6m-0eb201ad3e3ee772b7185e756b5e1dd7\">\n.flex_column.av-jzk1xn6m-0eb201ad3e3ee772b7185e756b5e1dd7{\n-webkit-border-radius:0px 0px 0px 0px;\n-moz-border-radius:0px 0px 0px 0px;\nborder-radius:0px 0px 0px 0px;\npadding:0px 0px 0px 0px;\n}\n<\/style>\n<div class='flex_column av-jzk1xn6m-0eb201ad3e3ee772b7185e756b5e1dd7 av_one_half  avia-builder-el-1  el_before_av_one_half  avia-builder-el-first  first av-break-at-tablet flex_column_table_cell av-equal-height-column av-align-middle av-zero-column-padding '     ><section  class='av_textblock_section av-jzk1lb61-bc149616e1ba230b93c910b16f1f3bef'  itemscope=\"itemscope\" itemtype=\"https:\/\/schema.org\/CreativeWork\" ><div class='avia_textblock'  itemprop=\"text\" ><h1 style=\"text-align: center;\">How do we work?<\/h1>\n<h2 style=\"text-align: center;\">A dedicated consultant is in contact with our corporate clients. This allows us to adapt quickly and flexibly to changing business needs.<\/h2>\n<\/div><\/section><br \/>\n<div  class='avia-button-wrap av-jzk256l0-073280ae1712c013cbd92ef74bb2228f-wrap avia-button-center  avia-builder-el-3  el_after_av_textblock  avia-builder-el-last ' ><a href='#hogyan-dolgozom'  class='avia-button av-jzk256l0-073280ae1712c013cbd92ef74bb2228f avia-icon_select-no avia-size-large avia-position-center avia-color-theme-color' ><span class='avia_iconbox_title' >READ MORE<\/span><\/a><\/div><\/p><\/div><div class='av-flex-placeholder'><\/div>\n<style type=\"text\/css\" data-created_by=\"avia_inline_auto\" id=\"style-css-av-3c0b2-4043112d5fdab7cf9af4a4b329206755\">\n.flex_column.av-3c0b2-4043112d5fdab7cf9af4a4b329206755{\n-webkit-border-radius:0px 0px 0px 0px;\n-moz-border-radius:0px 0px 0px 0px;\nborder-radius:0px 0px 0px 0px;\npadding:0px 0px 0px 0px;\n}\n<\/style>\n<div class='flex_column av-3c0b2-4043112d5fdab7cf9af4a4b329206755 av_one_half  avia-builder-el-4  el_after_av_one_half  avia-builder-el-last  av-break-at-tablet flex_column_table_cell av-equal-height-column av-align-middle av-zero-column-padding '     ><style type=\"text\/css\" data-created_by=\"avia_inline_auto\" id=\"style-css-av-k00xogn1-a387013674bb76b91ae22573f7dcf43b\">\n.avia-image-container.av-k00xogn1-a387013674bb76b91ae22573f7dcf43b img.avia_image{\nbox-shadow:none;\n}\n.avia-image-container.av-k00xogn1-a387013674bb76b91ae22573f7dcf43b .av-image-caption-overlay-center{\ncolor:#ffffff;\n}\n<\/style>\n<div  class='avia-image-container av-k00xogn1-a387013674bb76b91ae22573f7dcf43b av-styling- avia-align-center  avia-builder-el-5  avia-builder-el-no-sibling '   itemprop=\"image\" itemscope=\"itemscope\" itemtype=\"https:\/\/schema.org\/ImageObject\" ><div class=\"avia-image-container-inner\"><div class=\"avia-image-overlay-wrap\"><img decoding=\"async\" class='wp-image-1368 avia-img-lazy-loading-not-1368 avia_image ' src=\"https:\/\/balazsivan.hu\/wp-content\/uploads\/2019\/09\/hogyan-dolgozom.jpg\" alt='' title='Hogyan dolgozom?'  height=\"520\" width=\"780\"  itemprop=\"thumbnailUrl\" srcset=\"https:\/\/balazsivan.hu\/wp-content\/uploads\/2019\/09\/hogyan-dolgozom.jpg 780w, https:\/\/balazsivan.hu\/wp-content\/uploads\/2019\/09\/hogyan-dolgozom-300x200.jpg 300w, https:\/\/balazsivan.hu\/wp-content\/uploads\/2019\/09\/hogyan-dolgozom-768x512.jpg 768w, https:\/\/balazsivan.hu\/wp-content\/uploads\/2019\/09\/hogyan-dolgozom-450x300.jpg 450w\" sizes=\"(max-width: 780px) 100vw, 780px\" \/><\/div><\/div><\/div><\/div><\/div><!--close column table wrapper. Autoclose: 1 -->\n\n<\/div><\/div><\/main><!-- close content main element --><\/div><\/div><div id='hogyan-dolgozom'  class='avia-section av-k00xfwsy-63e9c8fd46898762c4142fb3920290a2 main_color avia-section-default avia-no-border-styling  avia-builder-el-6  el_after_av_section  avia-builder-el-last  avia-bg-style-scroll container_wrap sidebar_right'  ><div class='container av-section-cont-open' ><div class='template-page content  av-content-small alpha units'><div class='post-entry post-entry-type-page post-entry-1584'><div class='entry-content-wrapper clearfix'>\n\n<style type=\"text\/css\" data-created_by=\"avia_inline_auto\" id=\"style-css-av-k00xj0ma-4ccea08f59604448f548c6b595564dee\">\n.avia-timeline-container.av-k00xj0ma-4ccea08f59604448f548c6b595564dee .av-milestone-date{\ncolor:#4476a1;\n}\n.avia-timeline-container.av-k00xj0ma-4ccea08f59604448f548c6b595564dee .av-milestone-icon-inner{\nbackground-color:#4476a1;\n}\n.avia-timeline-container.av-k00xj0ma-4ccea08f59604448f548c6b595564dee .av-milestone-indicator{\nbackground-color:#4476a1;\n}\n.avia-timeline-container.av-k00xj0ma-4ccea08f59604448f548c6b595564dee .av-milestone-article-footer{\nbackground-color:#4476a1;\n}\n<\/style>\n<div  id=\"avia-timeline-1\"  class='avia-timeline-container av-k00xj0ma-4ccea08f59604448f548c6b595564dee av-slideshow-ui  avia-builder-el-7  avia-builder-el-no-sibling ' ><ul class='avia-timeline avia-timeline-vertical av-milestone-placement-left avia-timeline- avia_animate_when_almost_visible avia-timeline-animate'>\n<li  class='av-milestone av-3wm2g-363e7935348e98ac5512483c496e4b8d av-animated-generic fade-in av-milestone-valign-baseline av-milestone-odd'><h2 class='av-milestone-date ' id='milestone-analysis'><strong>Analysis<span class='av-milestone-indicator'><\/span><\/strong><\/h2><div class=\"av-milestone-icon-wrap\"><span class='av-milestone-icon milestone_icon'><span class='av-milestone-icon-inner milestone_inner'><span class='milestone_number'>1<\/span><\/span><\/span><\/div><article class='av-milestone-content-wrap'><div class='av-milestone-contentbox'><div class='av-milestone-content'><p>During a personal consultation, we thoroughly discuss with our clients what their health-related goals are and how they want to change elements of their corporate health programme. We clarify their expectations and options, what they would like to achieve and what they expect a proposal for.<\/p>\n<\/div><\/div><footer class='av-milestone-article-footer entry-footer'><\/footer><\/article><\/li>\n<li  class='av-milestone av-3imac-aae4a07006607473521079be687cd002 av-animated-generic fade-in av-milestone-valign-baseline av-milestone-even'><h2 class='av-milestone-date ' id='milestone-to-make-a-suggestion'><strong>To make a suggestion<span class='av-milestone-indicator'><\/span><\/strong><\/h2><div class=\"av-milestone-icon-wrap\"><span class='av-milestone-icon milestone_icon'><span class='av-milestone-icon-inner milestone_inner'><span class='milestone_number'>2<\/span><\/span><\/span><\/div><article class='av-milestone-content-wrap'><div class='av-milestone-contentbox'><div class='av-milestone-content'><p><span style=\"font-weight: 400;\">As an independent health benefits specialist, we are not tied to any one financial institution, but we are free to consider which products are most appropriate for our clients. We narrow them down to the aspects that are important to them and help them compare and understand the different offers and the important differences between them.<\/span><\/p>\n<p><span style=\"font-weight: 400;\">We are in constant contact with clinics, health insurance companies and other service providers in order to maintain information.<\/span><\/p>\n<\/div><\/div><footer class='av-milestone-article-footer entry-footer'><\/footer><\/article><\/li>\n<li  class='av-milestone av-2yj7s-11c2c9e6c245869f10eff18a93a60e92 av-animated-generic fade-in av-milestone-valign-baseline av-milestone-odd'><h2 class='av-milestone-date ' id='milestone-representation-and-contracting'><strong>Representation and contracting<span class='av-milestone-indicator'><\/span><\/strong><\/h2><div class=\"av-milestone-icon-wrap\"><span class='av-milestone-icon milestone_icon'><span class='av-milestone-icon-inner milestone_inner'><span class='milestone_number'>3<\/span><\/span><\/span><\/div><article class='av-milestone-content-wrap'><div class='av-milestone-contentbox'><div class='av-milestone-content'><p>On behalf of our clients, we find the healthcare solutions that best meet their objectives in terms of price and service, and then help them to conclude the contract &#8211; all with minimum administration.<\/p>\n<p>Our experience also extends to the customised design of healthcare solutions.<\/p>\n<\/div><\/div><footer class='av-milestone-article-footer entry-footer'><\/footer><\/article><\/li>\n<li  class='av-milestone av-26930-565f752df9750e0d6fad5d3d05054f8d av-animated-generic fade-in av-milestone-valign-baseline av-milestone-even'><h2 class='av-milestone-date ' id='milestone-administration'><strong> Administration<span class='av-milestone-indicator'><\/span><\/strong><\/h2><div class=\"av-milestone-icon-wrap\"><span class='av-milestone-icon milestone_icon'><span class='av-milestone-icon-inner milestone_inner'><span class='milestone_number'>4<\/span><\/span><\/span><\/div><article class='av-milestone-content-wrap'><div class='av-milestone-contentbox'><div class='av-milestone-content'><p>We continue to support our clients&#8217; administration after the contract has been signed. We help our corporate clients and HR managers to communicate their chosen benefits to their employees.<\/p>\n<p>We can provide information in writing and in person in the form of various materials or presentations, including road shows. We also handle the administrative tasks involved in change notifications.<\/p>\n<p>We provide employees with a helpdesk where they can directly ask questions about the benefits element, thus relieving the HR department or management of the burden.<\/p>\n<\/div><\/div><footer class='av-milestone-article-footer entry-footer'><\/footer><\/article><\/li>\n<li  class='av-milestone av-1qrag-c4e821e9b0e9b12ec4623f9b11e5ecc5 av-animated-generic fade-in av-milestone-valign-baseline av-milestone-odd'><h2 class='av-milestone-date ' id='milestone-ongoing-consultation'><strong>Ongoing consultation<span class='av-milestone-indicator'><\/span><\/strong><\/h2><div class=\"av-milestone-icon-wrap\"><span class='av-milestone-icon milestone_icon'><span class='av-milestone-icon-inner milestone_inner'><span class='milestone_number'>5<\/span><\/span><\/span><\/div><article class='av-milestone-content-wrap'><div class='av-milestone-contentbox'><div class='av-milestone-content'><p><span style=\"font-weight: 400;\">Our clients can count on our team for any questions they may have.<\/span><\/p>\n<p><span style=\"font-weight: 400;\">We develop a framework for ongoing communication with our clients throughout the year and smooth cooperation with the financial institution.<\/span><\/p>\n<p><span style=\"font-weight: 400;\">We prepare mid-year briefings for employees on request.<\/span><\/p>\n<\/div><\/div><footer class='av-milestone-article-footer entry-footer'><\/footer><\/article><\/li>\n<li  class='av-milestone av-129cg-68d64871f2c8b2fe0a1048417b0a01e1 av-animated-generic fade-in av-milestone-valign-baseline av-milestone-even'><h2 class='av-milestone-date ' id='milestone-remuneration'><strong>Remuneration<span class='av-milestone-indicator'><\/span><\/strong><\/h2><div class=\"av-milestone-icon-wrap\"><span class='av-milestone-icon milestone_icon'><span class='av-milestone-icon-inner milestone_inner'><span class='milestone_number'>6<\/span><\/span><\/span><\/div><article class='av-milestone-content-wrap'><div class='av-milestone-contentbox'><div class='av-milestone-content'><p><span style=\"font-weight: 400;\">Our consultancy fees are covered by the financial institutions in the vast majority of cases, so we are able to work free of charge to our clients. Unless, in addition to this, the company requires a specific expert assignment.<\/span><\/p>\n<p><span style=\"font-weight: 400;\">Our fees do not change the price of the products, as for insurance companies and financial institutions this is built into all products at a basic level, regardless of whether the broker is the intermediary or the financial institution&#8217;s own adviser provides the solution.<\/span><\/p>\n<\/div><\/div><footer class='av-milestone-article-footer entry-footer'><\/footer><\/article><\/li>\n<\/ul><\/div>\n<\/div><\/div><\/div><!-- close content main div --><\/div><\/div><div id='after_section_2'  class='main_color av_default_container_wrap container_wrap sidebar_right'  ><div class='container av-section-cont-open' ><div class='template-page content  av-content-small alpha units'><div class='post-entry post-entry-type-page post-entry-1584'><div class='entry-content-wrapper clearfix'>\n","protected":false},"excerpt":{"rendered":"","protected":false},"author":1,"featured_media":0,"parent":0,"menu_order":0,"comment_status":"closed","ping_status":"closed","template":"","meta":[],"yoast_head":"<!-- This site is optimized with the Yoast SEO plugin v20.6 - https:\/\/yoast.com\/wordpress\/plugins\/seo\/ -->\n<title>How we work - Bal\u00e1zs Iv\u00e1n - V\u00e1llalati eg\u00e9szs\u00e9gbiztos\u00edt\u00e1si szak\u00e9rt\u0151<\/title>\n<meta name=\"robots\" content=\"index, follow, max-snippet:-1, max-image-preview:large, max-video-preview:-1\" \/>\n<link rel=\"canonical\" href=\"http:\/\/balazsivan.hu\/en\/how-we-work\/\" \/>\n<meta property=\"og:locale\" content=\"en_US\" \/>\n<meta property=\"og:type\" content=\"article\" \/>\n<meta property=\"og:title\" content=\"How we work - Bal\u00e1zs Iv\u00e1n - V\u00e1llalati eg\u00e9szs\u00e9gbiztos\u00edt\u00e1si szak\u00e9rt\u0151\" \/>\n<meta property=\"og:url\" content=\"http:\/\/balazsivan.hu\/en\/how-we-work\/\" \/>\n<meta property=\"og:site_name\" content=\"Bal\u00e1zs Iv\u00e1n - V\u00e1llalati eg\u00e9szs\u00e9gbiztos\u00edt\u00e1si szak\u00e9rt\u0151\" \/>\n<meta property=\"article:publisher\" content=\"https:\/\/www.facebook.com\/balazsivan0\" \/>\n<meta property=\"article:modified_time\" content=\"2023-02-28T17:01:45+00:00\" \/>\n<meta name=\"twitter:card\" content=\"summary_large_image\" \/>\n<meta name=\"twitter:label1\" content=\"Est. reading time\" \/>\n\t<meta name=\"twitter:data1\" content=\"5 minutes\" \/>\n<script type=\"application\/ld+json\" class=\"yoast-schema-graph\">{\"@context\":\"https:\/\/schema.org\",\"@graph\":[{\"@type\":\"WebPage\",\"@id\":\"http:\/\/balazsivan.hu\/en\/how-we-work\/\",\"url\":\"http:\/\/balazsivan.hu\/en\/how-we-work\/\",\"name\":\"How we work - Bal\u00e1zs Iv\u00e1n - V\u00e1llalati eg\u00e9szs\u00e9gbiztos\u00edt\u00e1si szak\u00e9rt\u0151\",\"isPartOf\":{\"@id\":\"https:\/\/balazsivan.hu\/en\/#website\"},\"datePublished\":\"2019-08-15T14:44:36+00:00\",\"dateModified\":\"2023-02-28T17:01:45+00:00\",\"breadcrumb\":{\"@id\":\"http:\/\/balazsivan.hu\/en\/how-we-work\/#breadcrumb\"},\"inLanguage\":\"en-US\",\"potentialAction\":[{\"@type\":\"ReadAction\",\"target\":[\"http:\/\/balazsivan.hu\/en\/how-we-work\/\"]}]},{\"@type\":\"BreadcrumbList\",\"@id\":\"http:\/\/balazsivan.hu\/en\/how-we-work\/#breadcrumb\",\"itemListElement\":[{\"@type\":\"ListItem\",\"position\":1,\"name\":\"Home\",\"item\":\"https:\/\/balazsivan.hu\/en\/\"},{\"@type\":\"ListItem\",\"position\":2,\"name\":\"How we work\"}]},{\"@type\":\"WebSite\",\"@id\":\"https:\/\/balazsivan.hu\/en\/#website\",\"url\":\"https:\/\/balazsivan.hu\/en\/\",\"name\":\"Bal\u00e1zs Iv\u00e1n - V\u00e1llalati eg\u00e9szs\u00e9gbiztos\u00edt\u00e1si szak\u00e9rt\u0151\",\"description\":\"V\u00e1llalati eg\u00e9szs\u00e9gbiztos\u00edt\u00e1si szak\u00e9rt\u0151\",\"potentialAction\":[{\"@type\":\"SearchAction\",\"target\":{\"@type\":\"EntryPoint\",\"urlTemplate\":\"https:\/\/balazsivan.hu\/en\/?s={search_term_string}\"},\"query-input\":\"required name=search_term_string\"}],\"inLanguage\":\"en-US\"}]}<\/script>\n<!-- \/ Yoast SEO plugin. -->","yoast_head_json":{"title":"How we work - Bal\u00e1zs Iv\u00e1n - V\u00e1llalati eg\u00e9szs\u00e9gbiztos\u00edt\u00e1si szak\u00e9rt\u0151","robots":{"index":"index","follow":"follow","max-snippet":"max-snippet:-1","max-image-preview":"max-image-preview:large","max-video-preview":"max-video-preview:-1"},"canonical":"http:\/\/balazsivan.hu\/en\/how-we-work\/","og_locale":"en_US","og_type":"article","og_title":"How we work - Bal\u00e1zs Iv\u00e1n - V\u00e1llalati eg\u00e9szs\u00e9gbiztos\u00edt\u00e1si szak\u00e9rt\u0151","og_url":"http:\/\/balazsivan.hu\/en\/how-we-work\/","og_site_name":"Bal\u00e1zs Iv\u00e1n - V\u00e1llalati eg\u00e9szs\u00e9gbiztos\u00edt\u00e1si szak\u00e9rt\u0151","article_publisher":"https:\/\/www.facebook.com\/balazsivan0","article_modified_time":"2023-02-28T17:01:45+00:00","twitter_card":"summary_large_image","twitter_misc":{"Est. reading time":"5 minutes"},"schema":{"@context":"https:\/\/schema.org","@graph":[{"@type":"WebPage","@id":"http:\/\/balazsivan.hu\/en\/how-we-work\/","url":"http:\/\/balazsivan.hu\/en\/how-we-work\/","name":"How we work - Bal\u00e1zs Iv\u00e1n - V\u00e1llalati eg\u00e9szs\u00e9gbiztos\u00edt\u00e1si szak\u00e9rt\u0151","isPartOf":{"@id":"https:\/\/balazsivan.hu\/en\/#website"},"datePublished":"2019-08-15T14:44:36+00:00","dateModified":"2023-02-28T17:01:45+00:00","breadcrumb":{"@id":"http:\/\/balazsivan.hu\/en\/how-we-work\/#breadcrumb"},"inLanguage":"en-US","potentialAction":[{"@type":"ReadAction","target":["http:\/\/balazsivan.hu\/en\/how-we-work\/"]}]},{"@type":"BreadcrumbList","@id":"http:\/\/balazsivan.hu\/en\/how-we-work\/#breadcrumb","itemListElement":[{"@type":"ListItem","position":1,"name":"Home","item":"https:\/\/balazsivan.hu\/en\/"},{"@type":"ListItem","position":2,"name":"How we work"}]},{"@type":"WebSite","@id":"https:\/\/balazsivan.hu\/en\/#website","url":"https:\/\/balazsivan.hu\/en\/","name":"Bal\u00e1zs Iv\u00e1n - V\u00e1llalati eg\u00e9szs\u00e9gbiztos\u00edt\u00e1si szak\u00e9rt\u0151","description":"V\u00e1llalati eg\u00e9szs\u00e9gbiztos\u00edt\u00e1si szak\u00e9rt\u0151","potentialAction":[{"@type":"SearchAction","target":{"@type":"EntryPoint","urlTemplate":"https:\/\/balazsivan.hu\/en\/?s={search_term_string}"},"query-input":"required name=search_term_string"}],"inLanguage":"en-US"}]}},"_links":{"self":[{"href":"https:\/\/balazsivan.hu\/en\/wp-json\/wp\/v2\/pages\/1584"}],"collection":[{"href":"https:\/\/balazsivan.hu\/en\/wp-json\/wp\/v2\/pages"}],"about":[{"href":"https:\/\/balazsivan.hu\/en\/wp-json\/wp\/v2\/types\/page"}],"author":[{"embeddable":true,"href":"https:\/\/balazsivan.hu\/en\/wp-json\/wp\/v2\/users\/1"}],"replies":[{"embeddable":true,"href":"https:\/\/balazsivan.hu\/en\/wp-json\/wp\/v2\/comments?post=1584"}],"version-history":[{"count":7,"href":"https:\/\/balazsivan.hu\/en\/wp-json\/wp\/v2\/pages\/1584\/revisions"}],"predecessor-version":[{"id":1689,"href":"https:\/\/balazsivan.hu\/en\/wp-json\/wp\/v2\/pages\/1584\/revisions\/1689"}],"wp:attachment":[{"href":"https:\/\/balazsivan.hu\/en\/wp-json\/wp\/v2\/media?parent=1584"}],"curies":[{"name":"wp","href":"https:\/\/api.w.org\/{rel}","templated":true}]}}